{"id":95,"date":"2021-12-14T16:13:32","date_gmt":"2021-12-14T15:13:32","guid":{"rendered":"http:\/\/www.archivbern.ch\/archivsuisse-wp\/?page_id=95"},"modified":"2021-12-14T16:24:15","modified_gmt":"2021-12-14T15:24:15","slug":"krankengeschichten-scannen","status":"publish","type":"page","link":"https:\/\/www.archivsuisse.ch\/test\/archivsuisse-wp\/index.php\/dienstleistungen\/krankengeschichten-archiv\/krankengeschichten-scannen\/?lang=fr","title":{"rendered":"Archivage num\u00e9rique"},"content":{"rendered":"<p><\/p>\n<h1><strong>Num\u00e9risation des dossiers m\u00e9dicaux<\/strong><\/h1>\n<p>Pour les m\u00e9decins qui ont repris un cabinet m\u00e9dical ainsi que ses ant\u00e9c\u00e9dents m\u00e9dicaux et qui travaillent en num\u00e9rique, DM-archivsuisse propose une solution de num\u00e9risation simple garantissant la protection des donn\u00e9es.<\/p>\n<h2 class=\"p1\">DM-archivsuisse<\/h2>\n<ul class=\"ul1\">\n<li>prend en charge les dossiers m\u00e9dicaux archiv\u00e9s et les num\u00e9rise sur demande<\/li>\n<li>num\u00e9rise les dossiers pour les cabinets qui veulent passer au num\u00e9rique<\/li>\n<li>\u00e9limine les dossiers m\u00e9dicaux \u00e0 l\u2019issue du d\u00e9lai l\u00e9gal de conservation.<\/li>\n<\/ul>\n<p><\/p>","protected":false},"excerpt":{"rendered":"<p>Num\u00e9risation des dossiers m\u00e9dicaux Pour les m\u00e9decins qui ont repris un cabinet m\u00e9dical ainsi que ses ant\u00e9c\u00e9dents m\u00e9dicaux et qui<\/p>\n","protected":false},"author":6,"featured_media":800,"parent":2582,"menu_order":0,"comment_status":"closed","ping_status":"closed","template":"template-fullwidth.php","meta":{"footnotes":""},"class_list":["post-95","page","type-page","status-publish","has-post-thumbnail","hentry"],"_links":{"self":[{"href":"https:\/\/www.archivsuisse.ch\/test\/archivsuisse-wp\/index.php\/wp-json\/wp\/v2\/pages\/95","targetHints":{"allow":["GET"]}}],"collection":[{"href":"https:\/\/www.archivsuisse.ch\/test\/archivsuisse-wp\/index.php\/wp-json\/wp\/v2\/pages"}],"about":[{"href":"https:\/\/www.archivsuisse.ch\/test\/archivsuisse-wp\/index.php\/wp-json\/wp\/v2\/types\/page"}],"author":[{"embeddable":true,"href":"https:\/\/www.archivsuisse.ch\/test\/archivsuisse-wp\/index.php\/wp-json\/wp\/v2\/users\/6"}],"replies":[{"embeddable":true,"href":"https:\/\/www.archivsuisse.ch\/test\/archivsuisse-wp\/index.php\/wp-json\/wp\/v2\/comments?post=95"}],"version-history":[{"count":12,"href":"https:\/\/www.archivsuisse.ch\/test\/archivsuisse-wp\/index.php\/wp-json\/wp\/v2\/pages\/95\/revisions"}],"predecessor-version":[{"id":2623,"href":"https:\/\/www.archivsuisse.ch\/test\/archivsuisse-wp\/index.php\/wp-json\/wp\/v2\/pages\/95\/revisions\/2623"}],"up":[{"embeddable":true,"href":"https:\/\/www.archivsuisse.ch\/test\/archivsuisse-wp\/index.php\/wp-json\/wp\/v2\/pages\/2582"}],"wp:featuredmedia":[{"embeddable":true,"href":"https:\/\/www.archivsuisse.ch\/test\/archivsuisse-wp\/index.php\/wp-json\/wp\/v2\/media\/800"}],"wp:attachment":[{"href":"https:\/\/www.archivsuisse.ch\/test\/archivsuisse-wp\/index.php\/wp-json\/wp\/v2\/media?parent=95"}],"curies":[{"name":"wp","href":"https:\/\/api.w.org\/{rel}","templated":true}]}}