{"id":93,"date":"2021-12-14T16:06:58","date_gmt":"2021-12-14T15:06:58","guid":{"rendered":"http:\/\/www.archivbern.ch\/archivsuisse-wp\/?page_id=93"},"modified":"2021-12-14T16:07:24","modified_gmt":"2021-12-14T15:07:24","slug":"krankengeschichten-archivieren","status":"publish","type":"page","link":"https:\/\/www.archivsuisse.ch\/test\/archivsuisse-wp\/index.php\/dienstleistungen\/krankengeschichten-archiv\/krankengeschichten-archivieren\/","title":{"rendered":"Krankengeschichten archivieren"},"content":{"rendered":"<p><\/p>\n<h1 class=\"p1\"><strong>Krankengeschichten archivieren<\/strong><\/h1>\n<p class=\"p1\">KG-archivsuisse bietet eine rechtskonforme, <a href=\"http:\/\/www.archivsuisse.ch\/index.php\/sicherheit\/\">datenschutzgepr\u00fcfte L\u00f6sung<\/a> f\u00fcr die physische oder digitale Archivierung von Krankengeschichten. Diese Dienstleistung richtet sich vorab an \u00c4rztinnen und \u00c4rzte, die ihre Praxis aufgeben oder auf Nachfolger \u00fcbertragen, die digital arbeiten.<\/p>\n<h2 class=\"p1\">KG-archivsuisse<\/h2>\n<ul class=\"ul1\">\n<li class=\"li1\">holt Krankengeschichten und Behandlungsdossiers bei Ihnen in der Praxis oder Klinik ab.<\/li>\n<li class=\"li1\">archiviert die KG, physisch oder digital.<\/li>\n<li class=\"li1\">stellt den Patientinnen und Patienten nach Vorlage eines amtlichen Ausweises ihre Krankengeschichten zur Verf\u00fcgung resp. h\u00e4ndigt sie dem neuen behandelnden Arzt aus.<\/li>\n<li class=\"li1\">entsorgt Krankengeschichten und Patientendossiers nach Ablauf der gesetzlichen Aufbewahrungsfrist und der vereinbarten Dauer.<\/li>\n<\/ul>\n<p><\/p>","protected":false},"excerpt":{"rendered":"<p>Krankengeschichten archivieren KG-archivsuisse bietet eine rechtskonforme, datenschutzgepr\u00fcfte L\u00f6sung f\u00fcr die physische oder digitale Archivierung von Krankengeschichten. Diese Dienstleistung richtet sich<\/p>\n","protected":false},"author":6,"featured_media":800,"parent":2582,"menu_order":0,"comment_status":"closed","ping_status":"closed","template":"template-fullwidth.php","meta":{"footnotes":""},"class_list":["post-93","page","type-page","status-publish","has-post-thumbnail","hentry"],"_links":{"self":[{"href":"https:\/\/www.archivsuisse.ch\/test\/archivsuisse-wp\/index.php\/wp-json\/wp\/v2\/pages\/93","targetHints":{"allow":["GET"]}}],"collection":[{"href":"https:\/\/www.archivsuisse.ch\/test\/archivsuisse-wp\/index.php\/wp-json\/wp\/v2\/pages"}],"about":[{"href":"https:\/\/www.archivsuisse.ch\/test\/archivsuisse-wp\/index.php\/wp-json\/wp\/v2\/types\/page"}],"author":[{"embeddable":true,"href":"https:\/\/www.archivsuisse.ch\/test\/archivsuisse-wp\/index.php\/wp-json\/wp\/v2\/users\/6"}],"replies":[{"embeddable":true,"href":"https:\/\/www.archivsuisse.ch\/test\/archivsuisse-wp\/index.php\/wp-json\/wp\/v2\/comments?post=93"}],"version-history":[{"count":19,"href":"https:\/\/www.archivsuisse.ch\/test\/archivsuisse-wp\/index.php\/wp-json\/wp\/v2\/pages\/93\/revisions"}],"predecessor-version":[{"id":2622,"href":"https:\/\/www.archivsuisse.ch\/test\/archivsuisse-wp\/index.php\/wp-json\/wp\/v2\/pages\/93\/revisions\/2622"}],"up":[{"embeddable":true,"href":"https:\/\/www.archivsuisse.ch\/test\/archivsuisse-wp\/index.php\/wp-json\/wp\/v2\/pages\/2582"}],"wp:featuredmedia":[{"embeddable":true,"href":"https:\/\/www.archivsuisse.ch\/test\/archivsuisse-wp\/index.php\/wp-json\/wp\/v2\/media\/800"}],"wp:attachment":[{"href":"https:\/\/www.archivsuisse.ch\/test\/archivsuisse-wp\/index.php\/wp-json\/wp\/v2\/media?parent=93"}],"curies":[{"name":"wp","href":"https:\/\/api.w.org\/{rel}","templated":true}]}}