{"id":77,"date":"2016-06-14T15:41:53","date_gmt":"2016-06-14T13:41:53","guid":{"rendered":"http:\/\/www.archivbern.ch\/archivsuisse-wp\/?page_id=77"},"modified":"2021-12-14T15:55:45","modified_gmt":"2021-12-14T14:55:45","slug":"handschriften-transkribieren","status":"publish","type":"page","link":"https:\/\/www.archivsuisse.ch\/test\/archivsuisse-wp\/index.php\/dienstleistungen\/handschriften-transkribieren\/","title":{"rendered":"Transkription Handschriften"},"content":{"rendered":"<p><\/p>\n<h1><strong>Handschriften umschreiben\/transkribieren<\/strong><\/h1>\n<p class=\"p1\">Sie m\u00f6chten die Briefe Ihrer Grosseltern, ein altes Tagebuch oder einen Kaufvertrag lesen oder mit Akten in Kurrentschrift (S\u00fctterlin, Kanzleischrift) arbeiten? Sie verf\u00fcgen aber nicht \u00fcber die dazu n\u00f6tige Zeit und \u00dcbung beim Entziffern. Unsere <a href=\"http:\/\/www.archivsuisse.ch\/index.php\/ueber-uns\/\">Fachleute<\/a> \u00fcbernehmen diese Aufgabe gerne: Wir schreiben f\u00fcr Sie alte und neue Handschriften in computerlesbare Druckschrift um.<\/p>\n<p><strong>Beispiel:<\/strong><\/p>\n<table style=\"border-collapse: collapse; width: 100%;\" border=\"0\">\n<tbody>\n<tr>\n<td style=\"width: 50%;\"><strong>handschriftlicher Text:<\/strong><\/td>\n<td style=\"width: 50%;\"><strong>computerlesbar umgeschrieben:<\/strong><\/td>\n<\/tr>\n<tr>\n<td style=\"width: 50%;\"><img loading=\"lazy\" decoding=\"async\" class=\"alignnone size-full wp-image-1532\" src=\"https:\/\/www.archivsuisse.ch\/archivsuisse-wp\/wp-content\/uploads\/2018\/09\/text_in_alter_Schrift-1.gif\" alt=\"\" width=\"900\" height=\"250\" \/><\/td>\n<td style=\"width: 50%;\">Text in alter Schrift<\/td>\n<\/tr>\n<\/tbody>\n<\/table>\n<h2 class=\"p1\"><strong>archivsuisse<\/strong><\/h2>\n<ul class=\"ul1\">\n<li class=\"li1\">verf\u00fcgt \u00fcber das Fachwissen und die Erfahrung, um alte oder schwierig zu entziffernde Handschriften zu lesen und zu transkribieren.<\/li>\n<li class=\"li1\">wendet die g\u00e4ngigen Transkriptionsregeln an.<\/li>\n<li class=\"li1\">unterbreitet Ihnen gerne Vorschl\u00e4ge f\u00fcr die geeignete Aufbereitung Ihrer Texte.<\/li>\n<\/ul>\n<p><\/p>","protected":false},"excerpt":{"rendered":"<p>Handschriften umschreiben\/transkribieren Sie m\u00f6chten die Briefe Ihrer Grosseltern, ein altes Tagebuch oder einen Kaufvertrag lesen oder mit Akten in Kurrentschrift<\/p>\n","protected":false},"author":6,"featured_media":434,"parent":58,"menu_order":0,"comment_status":"closed","ping_status":"closed","template":"template-fullwidth.php","meta":{"footnotes":""},"class_list":["post-77","page","type-page","status-publish","has-post-thumbnail","hentry"],"_links":{"self":[{"href":"https:\/\/www.archivsuisse.ch\/test\/archivsuisse-wp\/index.php\/wp-json\/wp\/v2\/pages\/77","targetHints":{"allow":["GET"]}}],"collection":[{"href":"https:\/\/www.archivsuisse.ch\/test\/archivsuisse-wp\/index.php\/wp-json\/wp\/v2\/pages"}],"about":[{"href":"https:\/\/www.archivsuisse.ch\/test\/archivsuisse-wp\/index.php\/wp-json\/wp\/v2\/types\/page"}],"author":[{"embeddable":true,"href":"https:\/\/www.archivsuisse.ch\/test\/archivsuisse-wp\/index.php\/wp-json\/wp\/v2\/users\/6"}],"replies":[{"embeddable":true,"href":"https:\/\/www.archivsuisse.ch\/test\/archivsuisse-wp\/index.php\/wp-json\/wp\/v2\/comments?post=77"}],"version-history":[{"count":20,"href":"https:\/\/www.archivsuisse.ch\/test\/archivsuisse-wp\/index.php\/wp-json\/wp\/v2\/pages\/77\/revisions"}],"predecessor-version":[{"id":2619,"href":"https:\/\/www.archivsuisse.ch\/test\/archivsuisse-wp\/index.php\/wp-json\/wp\/v2\/pages\/77\/revisions\/2619"}],"up":[{"embeddable":true,"href":"https:\/\/www.archivsuisse.ch\/test\/archivsuisse-wp\/index.php\/wp-json\/wp\/v2\/pages\/58"}],"wp:featuredmedia":[{"embeddable":true,"href":"https:\/\/www.archivsuisse.ch\/test\/archivsuisse-wp\/index.php\/wp-json\/wp\/v2\/media\/434"}],"wp:attachment":[{"href":"https:\/\/www.archivsuisse.ch\/test\/archivsuisse-wp\/index.php\/wp-json\/wp\/v2\/media?parent=77"}],"curies":[{"name":"wp","href":"https:\/\/api.w.org\/{rel}","templated":true}]}}