{"id":69,"date":"2016-06-14T15:22:45","date_gmt":"2016-06-14T13:22:45","guid":{"rendered":"http:\/\/www.archivbern.ch\/archivsuisse-wp\/?page_id=69"},"modified":"2022-03-11T11:59:03","modified_gmt":"2022-03-11T10:59:03","slug":"abliefern-an-oeffentliche-archive","status":"publish","type":"page","link":"https:\/\/www.archivsuisse.ch\/test\/archivsuisse-wp\/index.php\/dienstleistungen\/archive-betreuen\/abliefern-an-oeffentliche-archive\/","title":{"rendered":"Abliefern an staatliche Archive"},"content":{"rendered":"<p><\/p>\n<h1><strong>Abliefern an \u00f6ffentliche Archive<\/strong><\/h1>\n<p class=\"p1\">Sind Sie verpflichtet Ihre Archiv-Unterlagen einem \u00f6ffentlichen Archiv anzubieten? \u00d6ffentliche Archive verlangen meist, dass ihnen die Akten fertig aufbereitet abgeliefert werden. archivsuisse kennt die entsprechenden Anforderungen \u00f6ffentlicher Archive (z. B. Staatsarchive oder <a href=\"https:\/\/www.bar.admin.ch\/bar\/de\/home\/archivierung\/ablieferung.html\" target=\"_blank\" rel=\"noopener\">Bundesarchiv<\/a>) und verf\u00fcgt \u00fcber die personellen Ressourcen, um Sie im gesamten Prozess vom Aktenangebot bis zur Ablieferung an \u00f6ffentliche Archive zu unterst\u00fctzen.<\/p>\n<h2 class=\"p1\"><strong>archivsuisse<\/strong><\/h2>\n<ul class=\"ul1\">\n<li class=\"li1\">stellt f\u00fcr Sie den Kontakt zum \u00f6ffentlichen Archiv her.<\/li>\n<li class=\"li1\">erstellt die Angebotsliste zuhanden des \u00f6ffentlichen Archivs.<\/li>\n<li class=\"li1\">setzt bereits bestehende Bewertungsentscheide um.<\/li>\n<li class=\"li1\">bereitet digitale Daten und\/oder physische Akten gem\u00e4ss den jeweiligen Vorgaben auf.<\/li>\n<li class=\"li1\">verfasst Ablieferungsverzeichnisse.<\/li>\n<li class=\"li1\">liefert die erschlossenen Unterlagen ans \u00f6ffentliche Archiv ab.<\/li>\n<\/ul>\n<p><\/p>","protected":false},"excerpt":{"rendered":"<p>Abliefern an \u00f6ffentliche Archive Sind Sie verpflichtet Ihre Archiv-Unterlagen einem \u00f6ffentlichen Archiv anzubieten? \u00d6ffentliche Archive verlangen meist, dass ihnen die<\/p>\n","protected":false},"author":6,"featured_media":690,"parent":75,"menu_order":0,"comment_status":"closed","ping_status":"closed","template":"template-fullwidth.php","meta":{"footnotes":""},"class_list":["post-69","page","type-page","status-publish","has-post-thumbnail","hentry"],"_links":{"self":[{"href":"https:\/\/www.archivsuisse.ch\/test\/archivsuisse-wp\/index.php\/wp-json\/wp\/v2\/pages\/69","targetHints":{"allow":["GET"]}}],"collection":[{"href":"https:\/\/www.archivsuisse.ch\/test\/archivsuisse-wp\/index.php\/wp-json\/wp\/v2\/pages"}],"about":[{"href":"https:\/\/www.archivsuisse.ch\/test\/archivsuisse-wp\/index.php\/wp-json\/wp\/v2\/types\/page"}],"author":[{"embeddable":true,"href":"https:\/\/www.archivsuisse.ch\/test\/archivsuisse-wp\/index.php\/wp-json\/wp\/v2\/users\/6"}],"replies":[{"embeddable":true,"href":"https:\/\/www.archivsuisse.ch\/test\/archivsuisse-wp\/index.php\/wp-json\/wp\/v2\/comments?post=69"}],"version-history":[{"count":18,"href":"https:\/\/www.archivsuisse.ch\/test\/archivsuisse-wp\/index.php\/wp-json\/wp\/v2\/pages\/69\/revisions"}],"predecessor-version":[{"id":3319,"href":"https:\/\/www.archivsuisse.ch\/test\/archivsuisse-wp\/index.php\/wp-json\/wp\/v2\/pages\/69\/revisions\/3319"}],"up":[{"embeddable":true,"href":"https:\/\/www.archivsuisse.ch\/test\/archivsuisse-wp\/index.php\/wp-json\/wp\/v2\/pages\/75"}],"wp:featuredmedia":[{"embeddable":true,"href":"https:\/\/www.archivsuisse.ch\/test\/archivsuisse-wp\/index.php\/wp-json\/wp\/v2\/media\/690"}],"wp:attachment":[{"href":"https:\/\/www.archivsuisse.ch\/test\/archivsuisse-wp\/index.php\/wp-json\/wp\/v2\/media?parent=69"}],"curies":[{"name":"wp","href":"https:\/\/api.w.org\/{rel}","templated":true}]}}