{"id":65,"date":"2021-12-14T13:00:13","date_gmt":"2021-12-14T12:00:13","guid":{"rendered":"http:\/\/www.archivbern.ch\/archivsuisse-wp\/?page_id=65"},"modified":"2022-03-11T16:03:27","modified_gmt":"2022-03-11T15:03:27","slug":"akten-archivieren","status":"publish","type":"page","link":"https:\/\/www.archivsuisse.ch\/test\/archivsuisse-wp\/index.php\/dienstleistungen\/akten-archivieren\/","title":{"rendered":"Archivieren"},"content":{"rendered":"<p><\/p>\n<h1><strong>Archivieren<\/strong><\/h1>\n<p>Sie ben\u00f6tigen Platz? Ihr Keller ist voller Akten und nicht geeignet f\u00fcr Ihr Archiv? Sie finden nur nach aufw\u00e4ndiger Suche?<br \/>\nDie L\u00f6sung: Lagern Sie Ihre Akten und Archivalien aus \u2013 und bei archivsuisse ein.<\/p>\n<p>archivsuisse ber\u00e4t Sie, \u00fcbernimmt von Ihnen physische Dokumentenbest\u00e4nde, Akten, Pl\u00e4ne und B\u00fccher und lagert diese in <a href=\"https:\/\/www.archivsuisse.ch\/index.php\/sicherheit\/sicherheitstandards\/\">gesicherten Archivr\u00e4umen<\/a> in der Schweiz. Die eigens daf\u00fcr entwickelte Infrastruktur und das moderne Logistiksystem erm\u00f6glichen Ihnen eine anonyme und kosteng\u00fcnstige Archivierung \u2013 und Sie haben jederzeit Zugriff auf Ihre Dokumente.<\/p>\n<h2 class=\"p3\"><strong>Ihre Vorteile:<\/strong><\/h2>\n<ul class=\"ul1\">\n<li class=\"li3\">Ihre Akten sind gesch\u00fctzt verpackt und sicher archiviert.<\/li>\n<li class=\"li3\">Sie k\u00f6nnen rund um die Uhr, 365 Tage im Jahr \u00fcber das gesicherte <a href=\"https:\/\/www.archivsuisse.ch\/kundenportal\/\" target=\"_blank\" rel=\"noopener\">Kundenportal<\/a> in Ihren Dokumentenbest\u00e4nden recherchieren und Akten bestellen.<\/li>\n<li class=\"li3\">Sie erhalten ben\u00f6tigte Akten elektronisch \u00fcber einen gesicherten FTP-Server oder eingeschrieben per Post mittels Sicherheitstransport.<\/li>\n<\/ul>\n<p><\/p>","protected":false},"excerpt":{"rendered":"<p>Archivieren Sie ben\u00f6tigen Platz? Ihr Keller ist voller Akten und nicht geeignet f\u00fcr Ihr Archiv? Sie finden nur nach aufw\u00e4ndiger<\/p>\n","protected":false},"author":1,"featured_media":648,"parent":58,"menu_order":0,"comment_status":"closed","ping_status":"closed","template":"template-fullwidth.php","meta":{"footnotes":""},"class_list":["post-65","page","type-page","status-publish","has-post-thumbnail","hentry"],"_links":{"self":[{"href":"https:\/\/www.archivsuisse.ch\/test\/archivsuisse-wp\/index.php\/wp-json\/wp\/v2\/pages\/65","targetHints":{"allow":["GET"]}}],"collection":[{"href":"https:\/\/www.archivsuisse.ch\/test\/archivsuisse-wp\/index.php\/wp-json\/wp\/v2\/pages"}],"about":[{"href":"https:\/\/www.archivsuisse.ch\/test\/archivsuisse-wp\/index.php\/wp-json\/wp\/v2\/types\/page"}],"author":[{"embeddable":true,"href":"https:\/\/www.archivsuisse.ch\/test\/archivsuisse-wp\/index.php\/wp-json\/wp\/v2\/users\/1"}],"replies":[{"embeddable":true,"href":"https:\/\/www.archivsuisse.ch\/test\/archivsuisse-wp\/index.php\/wp-json\/wp\/v2\/comments?post=65"}],"version-history":[{"count":25,"href":"https:\/\/www.archivsuisse.ch\/test\/archivsuisse-wp\/index.php\/wp-json\/wp\/v2\/pages\/65\/revisions"}],"predecessor-version":[{"id":3346,"href":"https:\/\/www.archivsuisse.ch\/test\/archivsuisse-wp\/index.php\/wp-json\/wp\/v2\/pages\/65\/revisions\/3346"}],"up":[{"embeddable":true,"href":"https:\/\/www.archivsuisse.ch\/test\/archivsuisse-wp\/index.php\/wp-json\/wp\/v2\/pages\/58"}],"wp:featuredmedia":[{"embeddable":true,"href":"https:\/\/www.archivsuisse.ch\/test\/archivsuisse-wp\/index.php\/wp-json\/wp\/v2\/media\/648"}],"wp:attachment":[{"href":"https:\/\/www.archivsuisse.ch\/test\/archivsuisse-wp\/index.php\/wp-json\/wp\/v2\/media?parent=65"}],"curies":[{"name":"wp","href":"https:\/\/api.w.org\/{rel}","templated":true}]}}