{"id":63,"date":"2016-06-14T15:20:43","date_gmt":"2016-06-14T13:20:43","guid":{"rendered":"http:\/\/www.archivbern.ch\/archivsuisse-wp\/?page_id=63"},"modified":"2025-01-23T15:50:19","modified_gmt":"2025-01-23T14:50:19","slug":"beraten-erschliessen-pflegen","status":"publish","type":"page","link":"https:\/\/www.archivsuisse.ch\/test\/archivsuisse-wp\/index.php\/dienstleistungen\/archive-betreuen\/beraten-erschliessen-pflegen\/","title":{"rendered":"Archive erschliessen und pflegen"},"content":{"rendered":"<p><\/p>\n<h1>Archive erschliessen und pflegen<\/h1>\n<p>Sie ben\u00f6tigen Unterst\u00fctzung mit Ihrem Archiv? Wir bieten massgeschneiderte L\u00f6sungen, unabh\u00e4ngig vom Umfang oder von der Branche, vom kleinen Vereinsarchiv, bis zum umfangreichen Konzernarchiv. Zusammen mit Ihnen finden wir eine Ihren Bed\u00fcrfnissen angepasste L\u00f6sung: wir erschliessen, archivieren und betreuen Ihre Dossiers bei Ihnen vor Ort oder nehmen sie zu uns, ob ausschliesslich f\u00fcr die tempor\u00e4re Bearbeitung mit anschliessendem R\u00fccktransport zu Ihnen, oder f\u00fcr eine dauerhafte Auslagerung - ganz nach Ihren W\u00fcnschen.<\/p>\n<h2>archivsuisse<\/h2>\n<ul>\n<li>\u00fcbernimmt Ihre Archivunterlagen, sei dies zur tempor\u00e4ren Erschliessung oder f\u00fcr eine komplette Auslagerungsl\u00f6sung in <a href=\"https:\/\/www.archivsuisse.ch\/index.php\/sicherheit\/sicherheitstandards\/\">unseren sicheren Archivr\u00e4umlichkeiten<\/a><\/li>\n<li>kann Ihr Archiv vor Ort mit eigenem Personal betreuen<\/li>\n<li>liefert die von Ihnen ben\u00f6tigten Dossiers digital oder physisch aus<\/li>\n<li>er\u00f6ffnet neue und erg\u00e4nzt bestehende Dossiers<\/li>\n<li>pflegt den Posteingang in die bestehenden Dossiers ein<\/li>\n<li><a href=\"https:\/\/www.archivsuisse.ch\/index.php\/dienstleistungen\/dokumente-scannen\/\">digitalisiert<\/a> ganze Dossierbest\u00e4nde<\/li>\n<li>erschliesst und strukturiert die Dossiers mit Metadaten, damit die digitalisierten Dossiers leicht in Ihre Gesch\u00e4ftsverwaltung \u00fcberf\u00fchrt werden k\u00f6nnen.<\/li>\n<\/ul>\n<h2>Anwendungsbereiche und Success-Stories<\/h2>\n<ul>\n<li>Analyse der Archivsituation und Bewirtschaftung des physischen Archivguts; <a href=\"https:\/\/www.archivsuisse.ch\/index.php\/erfolgsgeschichten\/uebernahme-der-physischen-archive-der-genossenschaft-migros-aare-gmaa\/\">Beispiel Genossenschaft Migros Aare<\/a><\/li>\n<li>Betreuung des Archivs mit Personal von archivsuisse bei der Kundin; <a href=\"https:\/\/www.archivsuisse.ch\/index.php\/erfolgsgeschichten\/referenz-bkw\/\">Beispiel BKW<\/a><\/li>\n<\/ul>\n<p><\/p>","protected":false},"excerpt":{"rendered":"<p>Archive erschliessen und pflegen Sie ben\u00f6tigen Unterst\u00fctzung mit Ihrem Archiv? Wir bieten massgeschneiderte L\u00f6sungen, unabh\u00e4ngig vom Umfang oder von der<\/p>\n","protected":false},"author":1,"featured_media":438,"parent":75,"menu_order":0,"comment_status":"closed","ping_status":"closed","template":"template-fullwidth.php","meta":{"footnotes":""},"class_list":["post-63","page","type-page","status-publish","has-post-thumbnail","hentry"],"_links":{"self":[{"href":"https:\/\/www.archivsuisse.ch\/test\/archivsuisse-wp\/index.php\/wp-json\/wp\/v2\/pages\/63","targetHints":{"allow":["GET"]}}],"collection":[{"href":"https:\/\/www.archivsuisse.ch\/test\/archivsuisse-wp\/index.php\/wp-json\/wp\/v2\/pages"}],"about":[{"href":"https:\/\/www.archivsuisse.ch\/test\/archivsuisse-wp\/index.php\/wp-json\/wp\/v2\/types\/page"}],"author":[{"embeddable":true,"href":"https:\/\/www.archivsuisse.ch\/test\/archivsuisse-wp\/index.php\/wp-json\/wp\/v2\/users\/1"}],"replies":[{"embeddable":true,"href":"https:\/\/www.archivsuisse.ch\/test\/archivsuisse-wp\/index.php\/wp-json\/wp\/v2\/comments?post=63"}],"version-history":[{"count":32,"href":"https:\/\/www.archivsuisse.ch\/test\/archivsuisse-wp\/index.php\/wp-json\/wp\/v2\/pages\/63\/revisions"}],"predecessor-version":[{"id":4421,"href":"https:\/\/www.archivsuisse.ch\/test\/archivsuisse-wp\/index.php\/wp-json\/wp\/v2\/pages\/63\/revisions\/4421"}],"up":[{"embeddable":true,"href":"https:\/\/www.archivsuisse.ch\/test\/archivsuisse-wp\/index.php\/wp-json\/wp\/v2\/pages\/75"}],"wp:featuredmedia":[{"embeddable":true,"href":"https:\/\/www.archivsuisse.ch\/test\/archivsuisse-wp\/index.php\/wp-json\/wp\/v2\/media\/438"}],"wp:attachment":[{"href":"https:\/\/www.archivsuisse.ch\/test\/archivsuisse-wp\/index.php\/wp-json\/wp\/v2\/media?parent=63"}],"curies":[{"name":"wp","href":"https:\/\/api.w.org\/{rel}","templated":true}]}}