{"id":2582,"date":"2021-12-14T14:23:15","date_gmt":"2021-12-14T13:23:15","guid":{"rendered":"https:\/\/www.archivsuisse.ch\/test\/archivsuisse-wp\/?page_id=2582"},"modified":"2022-12-09T01:05:12","modified_gmt":"2022-12-09T00:05:12","slug":"krankengeschichten-archiv","status":"publish","type":"page","link":"https:\/\/www.archivsuisse.ch\/test\/archivsuisse-wp\/index.php\/dienstleistungen\/krankengeschichten-archiv\/","title":{"rendered":"Krankengeschichten-Archiv"},"content":{"rendered":"<p><\/p>\n<h1>KG-archiv: Informationen f\u00fcr \u00c4rztinnen und \u00c4rzte<\/h1>\n<hr \/>\n<p>Patientinnen und Patienten, die ihre Krankengeschichte bestellen wollen, <a href=\"https:\/\/www.archivsuisse.ch\/index.php\/dienstleistungen\/krankengeschichten-archiv\/krankengeschichte-bestellen\/\">f\u00fcllen bitte das Antragsformular aus<\/a>.<\/p>\n<hr \/>\n<p>archivsuisse betreibt in Zusammenarbeit mit <a href=\"https:\/\/www.fmhservices.ch\/home\">FMH Services<\/a> die Branchenl\u00f6sung zur Archivierung von Krankengeschichten.<\/p>\n<p>KG-archiv archiviert <a href=\"https:\/\/www.archivsuisse.ch\/index.php\/dienstleistungen\/krankengeschichten-archiv\/krankengeschichten-archivieren\/\">physische und digitale Krankengeschichten<\/a> und Patientendossiers datenschutzkonform und pseudonymisiert, nach den Standesregeln der FMH. Diese Dienstleistung richtet sich prim\u00e4r an \u00c4rzte und \u00c4rztinnen, die ihre Praxis auf- oder \u00fcbergeben sowie an deren Nachfolger. Mit kg-archiv halten Sie alle gesetzlichen Aufbewahrungsfristen ein und gew\u00e4hren ehemaligen Patienten und Patientinnen das ihnen zustehende Recht auf Einsichtnahme, ohne jeglichen Aufwand.<\/p>\n<p>Von KG-archiv profitieren Patientinnen und Patienten, die nach einer Praxisauf- oder \u00fcbergabe Zugang zu ihrer Krankenakte erhalten m\u00f6chten.<\/p>\n<p class=\"p1\">KG-archiv bietet zudem einen <a href=\"https:\/\/www.archivsuisse.ch\/index.php\/dienstleistungen\/krankengeschichten-archiv\/krankengeschichten-scannen\/\">Scan-Service f\u00fcr Krankengeschichten<\/a> und unterst\u00fctzt damit \u00c4rzte und \u00c4rztinnen beim Umstellen auf digitale\u00a0Patientendossiers.<\/p>\n<p>Z\u00f6gern Sie nicht, uns zu kontaktieren f\u00fcr eine detaillierte Beratung und\/oder eine unverbindliche Offerte.<\/p>\n<p><img loading=\"lazy\" decoding=\"async\" class=\"size-medium wp-image-3743 alignleft\" src=\"https:\/\/www.archivsuisse.ch\/archivsuisse-wp\/wp-content\/uploads\/2022\/12\/MG_8148_bearbeitet-300x200.jpg\" alt=\"\" width=\"300\" height=\"200\" srcset=\"https:\/\/www.archivsuisse.ch\/test\/archivsuisse-wp\/wp-content\/uploads\/2022\/12\/MG_8148_bearbeitet-300x200.jpg 300w, https:\/\/www.archivsuisse.ch\/test\/archivsuisse-wp\/wp-content\/uploads\/2022\/12\/MG_8148_bearbeitet-1140x760.jpg 1140w, https:\/\/www.archivsuisse.ch\/test\/archivsuisse-wp\/wp-content\/uploads\/2022\/12\/MG_8148_bearbeitet-1536x1024.jpg 1536w, https:\/\/www.archivsuisse.ch\/test\/archivsuisse-wp\/wp-content\/uploads\/2022\/12\/MG_8148_bearbeitet-2048x1365.jpg 2048w\" sizes=\"auto, (max-width: 300px) 100vw, 300px\" \/><\/p>\n<p><strong>KG-archivsuisse<br \/>\n<\/strong>Markus M\u00e4der, Spezialist KG-Archiv<br \/>\nBernstrasse 23<br \/>\nCH-3122 Kehrsatz<\/p>\n<p>Tel.\u00a0+41 (0)31 960 10 70<br \/>\nE-Mail <a href=\"mailto:kg@archivsuisse.ch\">kg@archivsuisse.ch<\/a><\/p>\n<p>&nbsp;<\/p>\n<h4>[one_half_last]Kontaktformular:<\/h4>\n\n<div class=\"wpcf7 no-js\" id=\"wpcf7-f622-o1\" lang=\"de-CH\" dir=\"ltr\" data-wpcf7-id=\"622\">\n<div class=\"screen-reader-response\"><p role=\"status\" aria-live=\"polite\" aria-atomic=\"true\"><\/p> <ul><\/ul><\/div>\n<form action=\"\/test\/archivsuisse-wp\/index.php\/wp-json\/wp\/v2\/pages\/2582#wpcf7-f622-o1\" method=\"post\" class=\"wpcf7-form init\" aria-label=\"Contact form\" novalidate=\"novalidate\" data-status=\"init\">\n<fieldset class=\"hidden-fields-container\"><input type=\"hidden\" name=\"_wpcf7\" value=\"622\" \/><input type=\"hidden\" name=\"_wpcf7_version\" value=\"6.1.5\" \/><input type=\"hidden\" name=\"_wpcf7_locale\" value=\"de_CH\" \/><input type=\"hidden\" name=\"_wpcf7_unit_tag\" value=\"wpcf7-f622-o1\" \/><input type=\"hidden\" name=\"_wpcf7_container_post\" value=\"0\" \/><input type=\"hidden\" name=\"_wpcf7_posted_data_hash\" value=\"\" \/><input type=\"hidden\" name=\"_wpcf7_recaptcha_response\" value=\"\" \/>\n<\/fieldset>\n<p>Ihr Name (obligatorisch)\n<\/p>\n<p><span class=\"wpcf7-form-control-wrap\" data-name=\"your-name\"><input size=\"40\" maxlength=\"400\" class=\"wpcf7-form-control wpcf7-text wpcf7-validates-as-required\" aria-required=\"true\" aria-invalid=\"false\" value=\"\" type=\"text\" name=\"your-name\" \/><\/span>\n<\/p>\n<p>Ihre Email (obligatorisch)\n<\/p>\n<p><span class=\"wpcf7-form-control-wrap\" data-name=\"your-email\"><input size=\"40\" maxlength=\"400\" class=\"wpcf7-form-control wpcf7-email wpcf7-validates-as-required wpcf7-text wpcf7-validates-as-email\" aria-required=\"true\" aria-invalid=\"false\" value=\"\" type=\"email\" name=\"your-email\" \/><\/span>\n<\/p>\n<p>Betreff\n<\/p>\n<p><span class=\"wpcf7-form-control-wrap\" data-name=\"your-subject\"><input size=\"40\" maxlength=\"400\" class=\"wpcf7-form-control wpcf7-text\" aria-invalid=\"false\" value=\"\" type=\"text\" name=\"your-subject\" \/><\/span>\n<\/p>\n<p>Ihre Nachricht\n<\/p>\n<p><span class=\"wpcf7-form-control-wrap\" data-name=\"your-message\"><textarea cols=\"40\" rows=\"10\" maxlength=\"2000\" class=\"wpcf7-form-control wpcf7-textarea\" aria-invalid=\"false\" name=\"your-message\"><\/textarea><\/span>\n<\/p>\n<p><input class=\"wpcf7-form-control wpcf7-submit has-spinner\" type=\"submit\" value=\"Senden\" \/>\n<\/p><div class=\"wpcf7-response-output\" aria-hidden=\"true\"><\/div>\n<\/form>\n<\/div>\n\n<p>[\/one_half_last]<\/p>","protected":false},"excerpt":{"rendered":"<p>KG-archiv: Informationen f\u00fcr \u00c4rztinnen und \u00c4rzte Patientinnen und Patienten, die ihre Krankengeschichte bestellen wollen, f\u00fcllen bitte das Antragsformular aus. archivsuisse<\/p>\n","protected":false},"author":6,"featured_media":800,"parent":58,"menu_order":0,"comment_status":"closed","ping_status":"closed","template":"template-fullwidth.php","meta":{"footnotes":""},"class_list":["post-2582","page","type-page","status-publish","has-post-thumbnail","hentry"],"_links":{"self":[{"href":"https:\/\/www.archivsuisse.ch\/test\/archivsuisse-wp\/index.php\/wp-json\/wp\/v2\/pages\/2582","targetHints":{"allow":["GET"]}}],"collection":[{"href":"https:\/\/www.archivsuisse.ch\/test\/archivsuisse-wp\/index.php\/wp-json\/wp\/v2\/pages"}],"about":[{"href":"https:\/\/www.archivsuisse.ch\/test\/archivsuisse-wp\/index.php\/wp-json\/wp\/v2\/types\/page"}],"author":[{"embeddable":true,"href":"https:\/\/www.archivsuisse.ch\/test\/archivsuisse-wp\/index.php\/wp-json\/wp\/v2\/users\/6"}],"replies":[{"embeddable":true,"href":"https:\/\/www.archivsuisse.ch\/test\/archivsuisse-wp\/index.php\/wp-json\/wp\/v2\/comments?post=2582"}],"version-history":[{"count":18,"href":"https:\/\/www.archivsuisse.ch\/test\/archivsuisse-wp\/index.php\/wp-json\/wp\/v2\/pages\/2582\/revisions"}],"predecessor-version":[{"id":3756,"href":"https:\/\/www.archivsuisse.ch\/test\/archivsuisse-wp\/index.php\/wp-json\/wp\/v2\/pages\/2582\/revisions\/3756"}],"up":[{"embeddable":true,"href":"https:\/\/www.archivsuisse.ch\/test\/archivsuisse-wp\/index.php\/wp-json\/wp\/v2\/pages\/58"}],"wp:featuredmedia":[{"embeddable":true,"href":"https:\/\/www.archivsuisse.ch\/test\/archivsuisse-wp\/index.php\/wp-json\/wp\/v2\/media\/800"}],"wp:attachment":[{"href":"https:\/\/www.archivsuisse.ch\/test\/archivsuisse-wp\/index.php\/wp-json\/wp\/v2\/media?parent=2582"}],"curies":[{"name":"wp","href":"https:\/\/api.w.org\/{rel}","templated":true}]}}