{"id":2578,"date":"2021-12-14T14:11:35","date_gmt":"2021-12-14T13:11:35","guid":{"rendered":"https:\/\/www.archivsuisse.ch\/test\/archivsuisse-wp\/?page_id=2578"},"modified":"2025-12-30T09:16:33","modified_gmt":"2025-12-30T08:16:33","slug":"krankengeschichte-bestellen","status":"publish","type":"page","link":"https:\/\/www.archivsuisse.ch\/test\/archivsuisse-wp\/index.php\/dienstleistungen\/krankengeschichten-archiv\/krankengeschichte-bestellen\/","title":{"rendered":"f\u00fcr Patienten: Krankengeschichte bestellen"},"content":{"rendered":"<p><\/p>\n<h1>Krankengeschichte bestellen<\/h1>\n<p>archivsuisse archiviert Krankenakten von \u00c4rztinnen und \u00c4rzten, die ihre Praxis auf- oder \u00fcbergeben haben. Patientinnen und Patienten, die Zugang zu ihrer Krankengeschichte w\u00fcnschen, k\u00f6nnen diese mit dem untenstehenden <strong>Antragsformular <\/strong>anfordern resp. eine \u00dcbergabe an den neuen behandelnden Arzt verlangen.<\/p>\n<p>Senden Sie das ausgef\u00fcllte Antragsformular zusammen mit der Kopie resp. dem Scan oder Foto eines amtlichen Ausweises an <a href=\"mailto:kg@archivsuisse.ch\" target=\"_blank\" rel=\"noopener\">archivsuisse<\/a>.<\/p>\n<p><a href=\"https:\/\/www.archivsuisse.ch\/archivsuisse-wp\/wp-content\/uploads\/2025\/12\/2025_Bestellformular_KG_archivsuisse-1.pdf\">2025_Bestellformular_KG_archivsuisse<\/a><\/p>\n<p>[wpdm_package id='2119']<\/p>","protected":false},"excerpt":{"rendered":"<p>Krankengeschichte bestellen archivsuisse archiviert Krankenakten von \u00c4rztinnen und \u00c4rzten, die ihre Praxis auf- oder \u00fcbergeben haben. Patientinnen und Patienten, die<\/p>\n","protected":false},"author":6,"featured_media":800,"parent":2582,"menu_order":0,"comment_status":"closed","ping_status":"closed","template":"template-fullwidth.php","meta":{"footnotes":""},"class_list":["post-2578","page","type-page","status-publish","has-post-thumbnail","hentry"],"_links":{"self":[{"href":"https:\/\/www.archivsuisse.ch\/test\/archivsuisse-wp\/index.php\/wp-json\/wp\/v2\/pages\/2578","targetHints":{"allow":["GET"]}}],"collection":[{"href":"https:\/\/www.archivsuisse.ch\/test\/archivsuisse-wp\/index.php\/wp-json\/wp\/v2\/pages"}],"about":[{"href":"https:\/\/www.archivsuisse.ch\/test\/archivsuisse-wp\/index.php\/wp-json\/wp\/v2\/types\/page"}],"author":[{"embeddable":true,"href":"https:\/\/www.archivsuisse.ch\/test\/archivsuisse-wp\/index.php\/wp-json\/wp\/v2\/users\/6"}],"replies":[{"embeddable":true,"href":"https:\/\/www.archivsuisse.ch\/test\/archivsuisse-wp\/index.php\/wp-json\/wp\/v2\/comments?post=2578"}],"version-history":[{"count":15,"href":"https:\/\/www.archivsuisse.ch\/test\/archivsuisse-wp\/index.php\/wp-json\/wp\/v2\/pages\/2578\/revisions"}],"predecessor-version":[{"id":4617,"href":"https:\/\/www.archivsuisse.ch\/test\/archivsuisse-wp\/index.php\/wp-json\/wp\/v2\/pages\/2578\/revisions\/4617"}],"up":[{"embeddable":true,"href":"https:\/\/www.archivsuisse.ch\/test\/archivsuisse-wp\/index.php\/wp-json\/wp\/v2\/pages\/2582"}],"wp:featuredmedia":[{"embeddable":true,"href":"https:\/\/www.archivsuisse.ch\/test\/archivsuisse-wp\/index.php\/wp-json\/wp\/v2\/media\/800"}],"wp:attachment":[{"href":"https:\/\/www.archivsuisse.ch\/test\/archivsuisse-wp\/index.php\/wp-json\/wp\/v2\/media?parent=2578"}],"curies":[{"name":"wp","href":"https:\/\/api.w.org\/{rel}","templated":true}]}}