{"id":2561,"date":"2021-12-14T13:04:50","date_gmt":"2021-12-14T12:04:50","guid":{"rendered":"https:\/\/www.archivsuisse.ch\/test\/archivsuisse-wp\/?page_id=2561"},"modified":"2025-12-24T11:09:44","modified_gmt":"2025-12-24T10:09:44","slug":"offline-archivierung-auf-piqlfilm","status":"publish","type":"page","link":"https:\/\/www.archivsuisse.ch\/test\/archivsuisse-wp\/index.php\/dienstleistungen\/digital-archivieren\/offline-archivierung-auf-piqlfilm\/","title":{"rendered":"Offline-Archivierung auf PiqlFilm"},"content":{"rendered":"<p><\/p>\n<h1>Offline-Archivierung auf PiqlFilm<\/h1>\n<p>Sie wollen Ihre digitalen Daten langfristig sichern? Dabei sollen die Daten revisionssicher, unhackbar, unver\u00e4nderbar und auch nach 50 oder mehr Jahren abrufbar sein? Ohne Datenmigration und hohe Kosten durch unterhaltsintensive Server?<br \/>\nPiql macht dies m\u00f6glich. Ihre digitalen Daten werden als Bitstream in Form von optischen QR-Codes, erg\u00e4nzt mit den archivrelevanten Zusatzinformationen (Metadaten), auf einen Polyester-Film (piqlFilm) transferiert.<\/p>\n<h2>Vorteile der Datenspeicherung auf Film<\/h2>\n<p>\u2022 <a href=\"https:\/\/www.archivsuisse.ch\/archivsuisse-wp\/wp-content\/uploads\/2023\/04\/Vollstaendig-passive-Speichertechnologie-3.0.pdf\">Vollst\u00e4ndig passive Speichertechnologie<\/a>: Der piqlFilm als Speichermedium mit Anwendung von etablierten digitalen Langzeitarchivformaten macht <strong>Mediums- und Formatmigrationen \u00fcberfl\u00fcssig<\/strong>. Resultat: tiefere Archivierungskosten und Datenverlustrisiken gegen\u00fcber herk\u00f6mmlichen digitalen Archivl\u00f6sungen.<br \/>\n\u2022 <a href=\"https:\/\/www.archivsuisse.ch\/archivsuisse-wp\/wp-content\/uploads\/2023\/01\/Hochsicheres-Offline-Speichermedium.pdf\">Hochsicheres Offline-Speichermedium<\/a>: Auf Film geschriebene Inhalte sind <strong>unver\u00e4nderbar<\/strong>. Die dadurch gew\u00e4hrleistete Authentizit\u00e4t und Integrit\u00e4t der Daten bilden die Grundlage f\u00fcr eine rechtssichere Archivierung. Die Inhalte sind zudem <strong>unhackbar<\/strong>, weil ohne irgendeine Verbindung zu einem Netzwerk.<br \/>\n\u2022 <a href=\"https:\/\/www.archivsuisse.ch\/archivsuisse-wp\/wp-content\/uploads\/2023\/01\/Nachhaltige-Datenspeicherung.pdf\">Nachhaltige Datenspeicherung<\/a>: Der piqlFilm ist <strong>stromunabh\u00e4ngig<\/strong> und als Speichermedium widerstandsf\u00e4hig und <strong>langlebig<\/strong>. Die Verwendung eines best\u00e4ndigen Polyesterfilms sorgt f\u00fcr eine sehr lange und unabh\u00e4ngig best\u00e4tigte Haltbarkeit von mindestens 500 Jahren.<br \/>\n\u2022 <a href=\"https:\/\/www.archivsuisse.ch\/archivsuisse-wp\/wp-content\/uploads\/2023\/01\/Nicht-proprietaere-Loesung.pdf\">Eine <strong>nicht-propriet\u00e4re L\u00f6sung<\/strong><\/a>: Die in Form von optischen QR-Codes auf dem piqlFilm gespeicherten Daten k\u00f6nnen \u2013 nebst der R\u00fccklesung mittels piqlReader \u2013 technisch auch autonom dekodiert werden. F\u00fcr die Datenauslesung sind alle kodierungs- und technologierelevanten Angaben auf dem Film in menschenlesbarer Form und Open-Source verf\u00fcgbar.<br \/>\n\u2022 <a href=\"https:\/\/www.archivsuisse.ch\/archivsuisse-wp\/wp-content\/uploads\/2023\/02\/Online-recherchierbar-.pdf\">Massgeschneiderter Zugriff<\/a>: In Kombination mit einer Online-Datenbank (archivsuisse-Kundenportal) k\u00f6nnen Metadaten des piqlFilms f\u00fcr <strong>Online-Recherchen<\/strong> zug\u00e4nglich gemacht werden.<\/p>\n<p><a href=\"https:\/\/www.archivsuisse.ch\/wp-content\/uploads\/2021\/09\/2021_Grafik_Marktfelder_Deutsch.png\"><img loading=\"lazy\" decoding=\"async\" class=\"alignnone size-full wp-image-2462\" src=\"https:\/\/www.archivsuisse.ch\/wp-content\/uploads\/2021\/09\/2021_Grafik_Marktfelder_Deutsch.png\" alt=\"\" width=\"1280\" height=\"720\" srcset=\"https:\/\/www.archivsuisse.ch\/test\/archivsuisse-wp\/wp-content\/uploads\/2021\/09\/2021_Grafik_Marktfelder_Deutsch.png 1280w, https:\/\/www.archivsuisse.ch\/test\/archivsuisse-wp\/wp-content\/uploads\/2021\/09\/2021_Grafik_Marktfelder_Deutsch-300x169.png 300w, https:\/\/www.archivsuisse.ch\/test\/archivsuisse-wp\/wp-content\/uploads\/2021\/09\/2021_Grafik_Marktfelder_Deutsch-1140x641.png 1140w\" sizes=\"auto, (max-width: 1280px) 100vw, 1280px\" \/><\/a><\/p>\n<p>Diese L\u00f6sung entspricht dem OAIS-Standard f\u00fcr digitale Langzeitarchivierung.<br \/>\nErfahren Sie mehr in unserer <a href=\"https:\/\/www.archivsuisse.ch\/archivsuisse-wp\/wp-content\/uploads\/2021\/07\/Piql_Archivsuisse_-_Digitale_Langzeitarchivierung_auf_Film_cc2j9i.pdf\">Brosch\u00fcre<\/a>.<\/p>\n<p>Das Offline-Speichermedium piqlFilm stellt aber auch die ultimative Datenversicherung f\u00fcr Ihre gesch\u00e4ftskritischen digitalen Daten dar. Erfahren Sie, wie Sie Ihre operationale Widerstandsf\u00e4higkeit sichern k\u00f6nnen, in unserem <a href=\"https:\/\/www.archivsuisse.ch\/archivsuisse-wp\/wp-content\/uploads\/2024\/03\/Archivsuisse_piql_Flyer_A5_def_digital_V2.pdf\">Flyer<\/a>.<\/p>","protected":false},"excerpt":{"rendered":"<p>Offline-Archivierung auf PiqlFilm Sie wollen Ihre digitalen Daten langfristig sichern? Dabei sollen die Daten revisionssicher, unhackbar, unver\u00e4nderbar und auch nach<\/p>\n","protected":false},"author":5,"featured_media":4610,"parent":2473,"menu_order":2,"comment_status":"closed","ping_status":"closed","template":"template-fullwidth.php","meta":{"footnotes":""},"class_list":["post-2561","page","type-page","status-publish","has-post-thumbnail","hentry"],"_links":{"self":[{"href":"https:\/\/www.archivsuisse.ch\/test\/archivsuisse-wp\/index.php\/wp-json\/wp\/v2\/pages\/2561","targetHints":{"allow":["GET"]}}],"collection":[{"href":"https:\/\/www.archivsuisse.ch\/test\/archivsuisse-wp\/index.php\/wp-json\/wp\/v2\/pages"}],"about":[{"href":"https:\/\/www.archivsuisse.ch\/test\/archivsuisse-wp\/index.php\/wp-json\/wp\/v2\/types\/page"}],"author":[{"embeddable":true,"href":"https:\/\/www.archivsuisse.ch\/test\/archivsuisse-wp\/index.php\/wp-json\/wp\/v2\/users\/5"}],"replies":[{"embeddable":true,"href":"https:\/\/www.archivsuisse.ch\/test\/archivsuisse-wp\/index.php\/wp-json\/wp\/v2\/comments?post=2561"}],"version-history":[{"count":16,"href":"https:\/\/www.archivsuisse.ch\/test\/archivsuisse-wp\/index.php\/wp-json\/wp\/v2\/pages\/2561\/revisions"}],"predecessor-version":[{"id":4265,"href":"https:\/\/www.archivsuisse.ch\/test\/archivsuisse-wp\/index.php\/wp-json\/wp\/v2\/pages\/2561\/revisions\/4265"}],"up":[{"embeddable":true,"href":"https:\/\/www.archivsuisse.ch\/test\/archivsuisse-wp\/index.php\/wp-json\/wp\/v2\/pages\/2473"}],"wp:featuredmedia":[{"embeddable":true,"href":"https:\/\/www.archivsuisse.ch\/test\/archivsuisse-wp\/index.php\/wp-json\/wp\/v2\/media\/4610"}],"wp:attachment":[{"href":"https:\/\/www.archivsuisse.ch\/test\/archivsuisse-wp\/index.php\/wp-json\/wp\/v2\/media?parent=2561"}],"curies":[{"name":"wp","href":"https:\/\/api.w.org\/{rel}","templated":true}]}}