{"id":2559,"date":"2021-12-14T13:03:20","date_gmt":"2021-12-14T12:03:20","guid":{"rendered":"https:\/\/www.archivsuisse.ch\/test\/archivsuisse-wp\/?page_id=2559"},"modified":"2022-03-21T17:33:44","modified_gmt":"2022-03-21T16:33:44","slug":"server-basierte-archivierung","status":"publish","type":"page","link":"https:\/\/www.archivsuisse.ch\/test\/archivsuisse-wp\/index.php\/dienstleistungen\/digital-archivieren\/server-basierte-archivierung\/?lang=fr","title":{"rendered":"Archivage sur serveur"},"content":{"rendered":"<p><\/p>\n<h1>Archivage sur serveur<\/h1>\n<p><a href=\"https:\/\/www.archivsuisse.ch\/wp-content\/uploads\/2021\/04\/OAIS_Archivsuisse_Designed_franz.jpg\"><img loading=\"lazy\" decoding=\"async\" class=\"alignnone size-full wp-image-2274\" src=\"https:\/\/www.archivsuisse.ch\/wp-content\/uploads\/2021\/04\/OAIS_Archivsuisse_Designed_franz.jpg\" alt=\"\" width=\"1280\" height=\"720\" srcset=\"https:\/\/www.archivsuisse.ch\/test\/archivsuisse-wp\/wp-content\/uploads\/2021\/04\/OAIS_Archivsuisse_Designed_franz.jpg 1280w, https:\/\/www.archivsuisse.ch\/test\/archivsuisse-wp\/wp-content\/uploads\/2021\/04\/OAIS_Archivsuisse_Designed_franz-300x169.jpg 300w, https:\/\/www.archivsuisse.ch\/test\/archivsuisse-wp\/wp-content\/uploads\/2021\/04\/OAIS_Archivsuisse_Designed_franz-1140x641.jpg 1140w\" sizes=\"auto, (max-width: 1280px) 100vw, 1280px\" \/><\/a><\/p>\n<p>Vous \u00eates \u00e0 la recherche d'une solution de conservation pour vos donn\u00e9es num\u00e9riques ?<br \/>\narchivsuisse propose une solution s\u00fbre, compl\u00e8te et \u00e9conomique pour l'archivage \u00e9lectronique \u00e0 long terme, avec possibilit\u00e9 de r\u00e9vision, tout en gardant l'int\u00e9grit\u00e9 et l'authenticit\u00e9 des donn\u00e9es.<\/p>\n<p>Conforme \u00e0 la norme ISO 14721 \"Open Archival Information System\" (OAIS), notre logiciel d'archivage garantit une gestion professionnelle de vos archives num\u00e9riques.<\/p>\n<h2>archivsuisse<\/h2>\n<ul>\n<li>d\u00e9termine avec vous les donn\u00e9es qui doivent \u00eatre archiv\u00e9es<\/li>\n<li>prend en charge les donn\u00e9es \u00e0 archiver de mani\u00e8re ordonn\u00e9e (ce que l'on appelle l'ingestion), les structure \u00e0 l'aide du logiciel d'archivage \u00e0 long terme, les convertit dans des formats de fichiers conformes \u00e0 l'archivage et les munit de m\u00e9tadonn\u00e9es<\/li>\n<li>stocke et s\u00e9curise les donn\u00e9es (archives num\u00e9riques) en collaboration avec son partenaire informatique <a href=\"https:\/\/www.netrics.ch\/\">netrics<\/a><\/li>\n<li>vous permet d'acc\u00e9der 24h\/24h et 365 jours par an aux donn\u00e9es (acc\u00e8s) via notre <a href=\"https:\/\/www.archivsuisse.ch\/\">portail client<\/a> s\u00e9curis\u00e9, prot\u00e9g\u00e9<\/li>\n<\/ul>\n<h1>Archivage sur serveur<\/h1>\n<p><a href=\"https:\/\/www.archivsuisse.ch\/wp-content\/uploads\/2021\/04\/OAIS_Archivsuisse_Designed_franz.jpg\"><img loading=\"lazy\" decoding=\"async\" class=\"alignnone size-full wp-image-2274\" src=\"https:\/\/www.archivsuisse.ch\/wp-content\/uploads\/2021\/04\/OAIS_Archivsuisse_Designed_franz.jpg\" alt=\"\" width=\"1280\" height=\"720\" srcset=\"https:\/\/www.archivsuisse.ch\/test\/archivsuisse-wp\/wp-content\/uploads\/2021\/04\/OAIS_Archivsuisse_Designed_franz.jpg 1280w, https:\/\/www.archivsuisse.ch\/test\/archivsuisse-wp\/wp-content\/uploads\/2021\/04\/OAIS_Archivsuisse_Designed_franz-300x169.jpg 300w, https:\/\/www.archivsuisse.ch\/test\/archivsuisse-wp\/wp-content\/uploads\/2021\/04\/OAIS_Archivsuisse_Designed_franz-1140x641.jpg 1140w\" sizes=\"auto, (max-width: 1280px) 100vw, 1280px\" \/><\/a><\/p>\n<p>Vous \u00eates \u00e0 la recherche d'une solution de conservation pour vos donn\u00e9es num\u00e9riques ?<br \/>\narchivsuisse propose une solution s\u00fbre, compl\u00e8te et \u00e9conomique pour l'archivage \u00e9lectronique \u00e0 long terme, avec possibilit\u00e9 de r\u00e9vision, tout en gardant l'int\u00e9grit\u00e9 et l'authenticit\u00e9 des donn\u00e9es.<\/p>\n<p>Conforme \u00e0 la norme ISO 14721 \"Open Archival Information System\" (OAIS), notre logiciel d'archivage garantit une gestion professionnelle de vos archives num\u00e9riques.<\/p>\n<h2>archivsuisse<\/h2>\n<ul>\n<li>d\u00e9termine avec vous les donn\u00e9es qui doivent \u00eatre archiv\u00e9es<\/li>\n<li>prend en charge les donn\u00e9es \u00e0 archiver de mani\u00e8re ordonn\u00e9e (ce que l'on appelle l'ingestion), les structure \u00e0 l'aide du logiciel d'archivage \u00e0 long terme, les convertit dans des formats de fichiers conformes \u00e0 l'archivage et les munit de m\u00e9tadonn\u00e9es<\/li>\n<li>stocke et s\u00e9curise les donn\u00e9es (archives num\u00e9riques) en collaboration avec son partenaire informatique <a href=\"https:\/\/www.netrics.ch\/\">netrics<\/a><\/li>\n<li>vous permet d'acc\u00e9der 24h\/24h et 365 jours par an aux donn\u00e9es (acc\u00e8s) via notre <a href=\"https:\/\/www.archivsuisse.ch\/\">portail client<\/a> s\u00e9curis\u00e9, prot\u00e9g\u00e9<\/li>\n<\/ul>\n<p><\/p>","protected":false},"excerpt":{"rendered":"<p>Archivage sur serveur Vous \u00eates \u00e0 la recherche d'une solution de conservation pour vos donn\u00e9es num\u00e9riques ? archivsuisse propose une<\/p>\n","protected":false},"author":5,"featured_media":143,"parent":2473,"menu_order":0,"comment_status":"closed","ping_status":"closed","template":"template-fullwidth.php","meta":{"footnotes":""},"class_list":["post-2559","page","type-page","status-publish","has-post-thumbnail","hentry"],"_links":{"self":[{"href":"https:\/\/www.archivsuisse.ch\/test\/archivsuisse-wp\/index.php\/wp-json\/wp\/v2\/pages\/2559","targetHints":{"allow":["GET"]}}],"collection":[{"href":"https:\/\/www.archivsuisse.ch\/test\/archivsuisse-wp\/index.php\/wp-json\/wp\/v2\/pages"}],"about":[{"href":"https:\/\/www.archivsuisse.ch\/test\/archivsuisse-wp\/index.php\/wp-json\/wp\/v2\/types\/page"}],"author":[{"embeddable":true,"href":"https:\/\/www.archivsuisse.ch\/test\/archivsuisse-wp\/index.php\/wp-json\/wp\/v2\/users\/5"}],"replies":[{"embeddable":true,"href":"https:\/\/www.archivsuisse.ch\/test\/archivsuisse-wp\/index.php\/wp-json\/wp\/v2\/comments?post=2559"}],"version-history":[{"count":10,"href":"https:\/\/www.archivsuisse.ch\/test\/archivsuisse-wp\/index.php\/wp-json\/wp\/v2\/pages\/2559\/revisions"}],"predecessor-version":[{"id":3390,"href":"https:\/\/www.archivsuisse.ch\/test\/archivsuisse-wp\/index.php\/wp-json\/wp\/v2\/pages\/2559\/revisions\/3390"}],"up":[{"embeddable":true,"href":"https:\/\/www.archivsuisse.ch\/test\/archivsuisse-wp\/index.php\/wp-json\/wp\/v2\/pages\/2473"}],"wp:featuredmedia":[{"embeddable":true,"href":"https:\/\/www.archivsuisse.ch\/test\/archivsuisse-wp\/index.php\/wp-json\/wp\/v2\/media\/143"}],"wp:attachment":[{"href":"https:\/\/www.archivsuisse.ch\/test\/archivsuisse-wp\/index.php\/wp-json\/wp\/v2\/media?parent=2559"}],"curies":[{"name":"wp","href":"https:\/\/api.w.org\/{rel}","templated":true}]}}