{"id":2473,"date":"2021-09-28T15:06:20","date_gmt":"2021-09-28T13:06:20","guid":{"rendered":"https:\/\/www.archivsuisse.ch\/?page_id=2473"},"modified":"2022-03-11T10:54:58","modified_gmt":"2022-03-11T09:54:58","slug":"digital-archivieren","status":"publish","type":"page","link":"https:\/\/www.archivsuisse.ch\/test\/archivsuisse-wp\/index.php\/dienstleistungen\/digital-archivieren\/","title":{"rendered":"Digital archivieren"},"content":{"rendered":"<p><\/p>\n<h1><strong>Digital archivieren<\/strong><\/h1>\n<p>Sie sind auf der Suche nach einer Aufbewahrungsl\u00f6sung f\u00fcr die Sicherung Ihrer digitalen Daten?<br \/>\nUnsere Experten beraten und unterst\u00fctzen Sie mit einer Ihren Bed\u00fcrfnissen angepassten L\u00f6sung: umfassend, revisionssicher und kosteng\u00fcnstig. Beide L\u00f6sungen entsprechen dem <a href=\"http:\/\/www.iso.org\/iso\/catalogue_detail.htm?csnumber=57284\" target=\"_blank\" rel=\"noopener noreferrer\">ISO-Standard 14721 \u00abOpen Archival Information System\u00bb (OAIS)<\/a>.<\/p>\n<h2>archivsuisse<\/h2>\n<p>\u2022 <a href=\"https:\/\/www.archivsuisse.ch\/index.php\/dienstleistungen\/digital-archivieren\/server-basierte-archivierung\/\">bietet eine umfassende Serverl\u00f6sung in Zusammenarbeit mit einem Schweizer Datacenter<\/a><br \/>\n\u2022 <a href=\"https:\/\/www.archivsuisse.ch\/index.php\/dienstleistungen\/digital-archivieren\/offline-archivierung-auf-piqlfilm\/\">bietet eine Offline-L\u00f6sung auf Film als Partner von Piql; innovativ, nachhaltig, hochsicher<\/a><\/p>\n<p>&nbsp;<\/p>","protected":false},"excerpt":{"rendered":"<p>Digital archivieren Sie sind auf der Suche nach einer Aufbewahrungsl\u00f6sung f\u00fcr die Sicherung Ihrer digitalen Daten? Unsere Experten beraten und<\/p>\n","protected":false},"author":5,"featured_media":488,"parent":58,"menu_order":0,"comment_status":"closed","ping_status":"closed","template":"template-fullwidth.php","meta":{"footnotes":""},"class_list":["post-2473","page","type-page","status-publish","has-post-thumbnail","hentry"],"_links":{"self":[{"href":"https:\/\/www.archivsuisse.ch\/test\/archivsuisse-wp\/index.php\/wp-json\/wp\/v2\/pages\/2473","targetHints":{"allow":["GET"]}}],"collection":[{"href":"https:\/\/www.archivsuisse.ch\/test\/archivsuisse-wp\/index.php\/wp-json\/wp\/v2\/pages"}],"about":[{"href":"https:\/\/www.archivsuisse.ch\/test\/archivsuisse-wp\/index.php\/wp-json\/wp\/v2\/types\/page"}],"author":[{"embeddable":true,"href":"https:\/\/www.archivsuisse.ch\/test\/archivsuisse-wp\/index.php\/wp-json\/wp\/v2\/users\/5"}],"replies":[{"embeddable":true,"href":"https:\/\/www.archivsuisse.ch\/test\/archivsuisse-wp\/index.php\/wp-json\/wp\/v2\/comments?post=2473"}],"version-history":[{"count":18,"href":"https:\/\/www.archivsuisse.ch\/test\/archivsuisse-wp\/index.php\/wp-json\/wp\/v2\/pages\/2473\/revisions"}],"predecessor-version":[{"id":3305,"href":"https:\/\/www.archivsuisse.ch\/test\/archivsuisse-wp\/index.php\/wp-json\/wp\/v2\/pages\/2473\/revisions\/3305"}],"up":[{"embeddable":true,"href":"https:\/\/www.archivsuisse.ch\/test\/archivsuisse-wp\/index.php\/wp-json\/wp\/v2\/pages\/58"}],"wp:featuredmedia":[{"embeddable":true,"href":"https:\/\/www.archivsuisse.ch\/test\/archivsuisse-wp\/index.php\/wp-json\/wp\/v2\/media\/488"}],"wp:attachment":[{"href":"https:\/\/www.archivsuisse.ch\/test\/archivsuisse-wp\/index.php\/wp-json\/wp\/v2\/media?parent=2473"}],"curies":[{"name":"wp","href":"https:\/\/api.w.org\/{rel}","templated":true}]}}