{"id":2236,"date":"2021-03-10T13:51:40","date_gmt":"2021-03-10T12:51:40","guid":{"rendered":"https:\/\/www.archivsuisse.ch\/?page_id=2236"},"modified":"2021-12-14T15:50:32","modified_gmt":"2021-12-14T14:50:32","slug":"records-management-gever","status":"publish","type":"page","link":"https:\/\/www.archivsuisse.ch\/test\/archivsuisse-wp\/index.php\/dienstleistungen\/records-management-gever\/","title":{"rendered":"Records Management"},"content":{"rendered":"<p><\/p>\n<div class=\"entry clearfix\">\n<h1><strong>Records Management<\/strong><\/h1>\n<p><a href=\"https:\/\/res.cloudinary.com\/herrmithintergedanken\/image\/upload\/v1611669324\/RMwebsite.png_yvdvaj.jpg\" data-slb-active=\"1\" data-slb-asset=\"99579386\" data-slb-internal=\"0\" data-slb-group=\"67\"><img loading=\"lazy\" decoding=\"async\" class=\"alignright wp-image-2174\" src=\"https:\/\/res.cloudinary.com\/herrmithintergedanken\/image\/upload\/v1611669324\/RMwebsite.png_yvdvaj.jpg\" sizes=\"auto, (max-width: 450px) 100vw, 450px\" srcset=\"https:\/\/res.cloudinary.com\/herrmithintergedanken\/image\/upload\/v1611669324\/RMwebsite.png_yvdvaj.jpg 1280w, https:\/\/res.cloudinary.com\/herrmithintergedanken\/image\/upload\/v1611669324\/RMwebsite.png_yvdvaj.jpg 300w, https:\/\/res.cloudinary.com\/herrmithintergedanken\/image\/upload\/v1611669324\/RMwebsite.png_yvdvaj.jpg 1140w\" alt=\"\" width=\"450\" height=\"253\" \/><\/a><\/p>\n<p class=\"p1\">archivsuisse bietet Beratungs- und Projektdienstleistungen im Bereich der vorarchivischen Prozesse der Informations- und Gesch\u00e4ftsverwaltung (Records Management) an und unterst\u00fctzt Sie bei der Planung, Ausarbeitung, Einf\u00fchrung und F\u00fchrung von Gesch\u00e4ftsverwaltungssystemen (GEVER).<\/p>\n<p class=\"p1\">Auf Grundlage des <a href=\"\/\/www.iso.org\/standard\/62542.html\" target=\"_blank\" rel=\"noopener noreferrer\"> ISO-Standards 15489 \u00abRecords Management\u00bb<\/a> sowie des <a href=\"https:\/\/www.ech.ch\/de\/dokument\/7cbd46e2-9073-413b-97b6-480ecd885561\" target=\"_blank\" rel=\"noopener noreferrer\">E-Government-Standards eCH-0164-Lebenszyklusmodell f\u00fcr Gesch\u00e4fte<\/a> analysieren wir den Workflow und die internen Prozesse Ihres Unternehmens und erarbeiten gemeinsam mit Ihnen die notwendigen GEVER-Instrumente (u.a. Ordnungssystem, interne Weisungen, Negativlisten) und stehen Ihnen bei der Umsetzung auf der Basis der Dateiablage oder m\u00f6glichen Beschaffung einer Software-L\u00f6sung beratend zur Seite.<\/p>\n<h2 class=\"p1\"><strong>archivsuisse<\/strong><\/h2>\n<ul class=\"ul1\">\n<li class=\"li1\">analyisiert f\u00fcr Sie die internen Prozesse und Abl\u00e4ufe.<\/li>\n<li class=\"li1\">erarbeitet f\u00fcr Sie eine massgeschneiderte Prozess- und Ordnungsstruktur f\u00fcr die Akten- und Gesch\u00e4ftsverwaltung.<\/li>\n<li class=\"li1\">f\u00fchrt die erarbeitete GEVER-L\u00f6sung im Zuge eines Change Managements-Projekts in Ihrem Betrieb ein.<\/li>\n<li class=\"li1\">stellt individuelle Hilfsinstrumente zur Aewendung im Records Management zur Verf\u00fcgung.<\/li>\n<li>setzt mit Ihnen eine kosteng\u00fcnstige L\u00f6sung auf der Basis eines Ordungssystems und der Dateiablage um.<\/li>\n<li class=\"li1\">ber\u00e4t Sie langfristig bei der Einf\u00fchrung von Software-L\u00f6sungen.<\/li>\n<\/ul>\n<p><a href=\"https:\/\/res.cloudinary.com\/herrmithintergedanken\/image\/upload\/c_scale,w_257\/v1612446145\/RMS-Projekt_mchltf.png\" data-slb-active=\"1\" data-slb-asset=\"342433590\" data-slb-internal=\"0\" data-slb-group=\"67\"><img loading=\"lazy\" decoding=\"async\" class=\"alignright wp-image-2171\" src=\"https:\/\/res.cloudinary.com\/herrmithintergedanken\/image\/upload\/c_scale,w_257\/v1612446145\/RMS-Projekt_mchltf.png\" sizes=\"auto, (max-width: 450px) 100vw, 450px\" srcset=\"https:\/\/res.cloudinary.com\/herrmithintergedanken\/image\/upload\/v1612446145\/RMS-Projekt_mchltf.png 300w, https:\/\/res.cloudinary.com\/herrmithintergedanken\/image\/upload\/v1612446145\/RMS-Projekt_mchltf.png 1140w, https:\/\/res.cloudinary.com\/herrmithintergedanken\/image\/upload\/v1612446145\/RMS-Projekt_mchltf.png 1356w\" alt=\"\" width=\"350\" height=\"73\" \/><\/a><\/p>\n<p>F\u00fcr die erfolgreiche Einf\u00fchrung eines Records Managements ist es von zentraler Bedeutung, Wissens- und Informationsressourcen innerhalb einer Organisation zu erkennen und in ihrer Bedeutung zu bewerten. Records Management-Projekte ben\u00f6tigen eine vertiefte Analyse der internen Wissens- und Informationsprozesse.<\/p>\n<p>Durch verschiedene Analyse-Tools und Befragungsmethoden k\u00f6nnen die Fachexperten von archivsuisse im Rahmen eines Change Managements die Probleme und Bedenken greifbar machen und auf dieser Basis geeignete L\u00f6sungsvorschl\u00e4ge erarbeiten.<\/p>\n<h2 class=\"p1\">Durch Records- und Informationsmanagement im Unternehmen<\/h2>\n<ul class=\"ul1\">\n<li class=\"li1\">k\u00f6nnen Gesch\u00e4ftsabl\u00e4ufe und die damit verbundenen Dokumenten-Dossiers effizient gestaltet werden.<\/li>\n<li class=\"li1\">ist die Rechtssicherheit bei der Bewirtschaftung der organisationsinternen Daten gew\u00e4hrleistet und ben\u00f6tigte Information ist ohne aufw\u00e4ndiges Suchen st\u00e4ndig verf\u00fcgbar.<\/li>\n<li class=\"li1\">ist es m\u00f6glich, strategische Konzepte auf Grundlage solider Datenerhebungen durchzuf\u00fchren und operative Vorg\u00e4nge k\u00f6nnen besser nachvollzogen werden.<\/li>\n<li class=\"li1\">geht bei Fluktuation im Personalbereich und technologischen Transformationsprozessen kein Wissen verloren.<\/li>\n<\/ul>\n<p><img loading=\"lazy\" decoding=\"async\" class=\"aligncenter wp-image-2146 size-full\" src=\"https:\/\/res.cloudinary.com\/herrmithintergedanken\/image\/upload\/v1612440535\/WISSENSMGM_INFOMGM_hznucn.png\" sizes=\"auto, (max-width: 1437px) 100vw, 1437px\" srcset=\"https:\/\/res.cloudinary.com\/herrmithintergedanken\/image\/upload\/v1612440535\/WISSENSMGM_INFOMGM_hznucn.png 1437w, https:\/\/res.cloudinary.com\/herrmithintergedanken\/image\/upload\/v1612440535\/WISSENSMGM_INFOMGM_hznucn.png 300w, https:\/\/res.cloudinary.com\/herrmithintergedanken\/image\/upload\/v1612440535\/WISSENSMGM_INFOMGM_hznucn.png 1140w\" alt=\"\" width=\"1437\" height=\"528\" \/><\/p>\n<\/div>\n<p><\/p>","protected":false},"excerpt":{"rendered":"<p>Records Management archivsuisse bietet Beratungs- und Projektdienstleistungen im Bereich der vorarchivischen Prozesse der Informations- und Gesch\u00e4ftsverwaltung (Records Management) an und<\/p>\n","protected":false},"author":6,"featured_media":143,"parent":58,"menu_order":0,"comment_status":"closed","ping_status":"closed","template":"template-fullwidth.php","meta":{"footnotes":""},"class_list":["post-2236","page","type-page","status-publish","has-post-thumbnail","hentry"],"_links":{"self":[{"href":"https:\/\/www.archivsuisse.ch\/test\/archivsuisse-wp\/index.php\/wp-json\/wp\/v2\/pages\/2236","targetHints":{"allow":["GET"]}}],"collection":[{"href":"https:\/\/www.archivsuisse.ch\/test\/archivsuisse-wp\/index.php\/wp-json\/wp\/v2\/pages"}],"about":[{"href":"https:\/\/www.archivsuisse.ch\/test\/archivsuisse-wp\/index.php\/wp-json\/wp\/v2\/types\/page"}],"author":[{"embeddable":true,"href":"https:\/\/www.archivsuisse.ch\/test\/archivsuisse-wp\/index.php\/wp-json\/wp\/v2\/users\/6"}],"replies":[{"embeddable":true,"href":"https:\/\/www.archivsuisse.ch\/test\/archivsuisse-wp\/index.php\/wp-json\/wp\/v2\/comments?post=2236"}],"version-history":[{"count":12,"href":"https:\/\/www.archivsuisse.ch\/test\/archivsuisse-wp\/index.php\/wp-json\/wp\/v2\/pages\/2236\/revisions"}],"predecessor-version":[{"id":2615,"href":"https:\/\/www.archivsuisse.ch\/test\/archivsuisse-wp\/index.php\/wp-json\/wp\/v2\/pages\/2236\/revisions\/2615"}],"up":[{"embeddable":true,"href":"https:\/\/www.archivsuisse.ch\/test\/archivsuisse-wp\/index.php\/wp-json\/wp\/v2\/pages\/58"}],"wp:featuredmedia":[{"embeddable":true,"href":"https:\/\/www.archivsuisse.ch\/test\/archivsuisse-wp\/index.php\/wp-json\/wp\/v2\/media\/143"}],"wp:attachment":[{"href":"https:\/\/www.archivsuisse.ch\/test\/archivsuisse-wp\/index.php\/wp-json\/wp\/v2\/media?parent=2236"}],"curies":[{"name":"wp","href":"https:\/\/api.w.org\/{rel}","templated":true}]}}