{"id":1570,"date":"2021-12-07T17:55:18","date_gmt":"2021-12-07T16:55:18","guid":{"rendered":"https:\/\/www.archivsuisse.ch\/?page_id=1570"},"modified":"2025-08-28T21:35:37","modified_gmt":"2025-08-28T19:35:37","slug":"zertifizierungen","status":"publish","type":"page","link":"https:\/\/www.archivsuisse.ch\/test\/archivsuisse-wp\/index.php\/sicherheit\/zertifizierungen\/","title":{"rendered":"Zertifizierungen"},"content":{"rendered":"<p><\/p>\n<h1>Zertifizierungen<\/h1>\n<p>archivsuisse verf\u00fcgt \u00fcber Zertifizierungen im Bereich des Qualit\u00e4tsmanagements, des Datenschutzes und der Informationssicherheit. archivsuisse legt hohen Wert auf Qualit\u00e4ts- und Sicherheitserfordernisse. Die erlangten Zertifizierungen bringen dies zum Ausdruck. Die archivsuisse-Prozesse werden laufend auf Aspekte der Daten- und Informationssicherheit hin \u00fcberpr\u00fcft und angepasst. Das Personal wird regelm\u00e4ssig in diesen Fragen geschult.<\/p>\n<p>Die Firmenstandorte werden j\u00e4hrlich von der <a href=\"https:\/\/www.sqs.ch\/\">Schweizerischen Vereinigung f\u00fcr Qualit\u00e4ts- und Management-Systeme (SQS)<\/a> auditiert.<\/p>\n<h3>Qualit\u00e4tsmanagementsystem ISO 9001<\/h3>\n<p>archivsuisse verf\u00fcgt \u00fcber ein <a href=\"https:\/\/www.kmu.admin.ch\/kmu\/de\/home\/praktisches-wissen\/kmu-betreiben\/zertifizierung-und-normierung\/normierung\/qualitaetsmanagement.html\">Qualit\u00e4tsmanagementsystem nach ISO 9001:2015<\/a>. Sie haben ihre verschiedenen Stakeholder im Blick. Sie \u00fcberpr\u00fcfen das Marktumfeld und gewichten sorgf\u00e4ltig Chancen und Risiken im Zusammenhang mit ihrer Gesch\u00e4ftst\u00e4tigkeit. Die Gesch\u00e4ftsprozesse werden im Hinblick auf die Chancen und Risiken laufend angepasst.<\/p>","protected":false},"excerpt":{"rendered":"<p>Zertifizierungen archivsuisse verf\u00fcgt \u00fcber Zertifizierungen im Bereich des Qualit\u00e4tsmanagements, des Datenschutzes und der Informationssicherheit. archivsuisse legt hohen Wert auf Qualit\u00e4ts-<\/p>\n","protected":false},"author":6,"featured_media":140,"parent":13,"menu_order":0,"comment_status":"closed","ping_status":"closed","template":"template-fullwidth.php","meta":{"footnotes":""},"class_list":["post-1570","page","type-page","status-publish","has-post-thumbnail","hentry"],"_links":{"self":[{"href":"https:\/\/www.archivsuisse.ch\/test\/archivsuisse-wp\/index.php\/wp-json\/wp\/v2\/pages\/1570","targetHints":{"allow":["GET"]}}],"collection":[{"href":"https:\/\/www.archivsuisse.ch\/test\/archivsuisse-wp\/index.php\/wp-json\/wp\/v2\/pages"}],"about":[{"href":"https:\/\/www.archivsuisse.ch\/test\/archivsuisse-wp\/index.php\/wp-json\/wp\/v2\/types\/page"}],"author":[{"embeddable":true,"href":"https:\/\/www.archivsuisse.ch\/test\/archivsuisse-wp\/index.php\/wp-json\/wp\/v2\/users\/6"}],"replies":[{"embeddable":true,"href":"https:\/\/www.archivsuisse.ch\/test\/archivsuisse-wp\/index.php\/wp-json\/wp\/v2\/comments?post=1570"}],"version-history":[{"count":28,"href":"https:\/\/www.archivsuisse.ch\/test\/archivsuisse-wp\/index.php\/wp-json\/wp\/v2\/pages\/1570\/revisions"}],"predecessor-version":[{"id":4532,"href":"https:\/\/www.archivsuisse.ch\/test\/archivsuisse-wp\/index.php\/wp-json\/wp\/v2\/pages\/1570\/revisions\/4532"}],"up":[{"embeddable":true,"href":"https:\/\/www.archivsuisse.ch\/test\/archivsuisse-wp\/index.php\/wp-json\/wp\/v2\/pages\/13"}],"wp:featuredmedia":[{"embeddable":true,"href":"https:\/\/www.archivsuisse.ch\/test\/archivsuisse-wp\/index.php\/wp-json\/wp\/v2\/media\/140"}],"wp:attachment":[{"href":"https:\/\/www.archivsuisse.ch\/test\/archivsuisse-wp\/index.php\/wp-json\/wp\/v2\/media?parent=1570"}],"curies":[{"name":"wp","href":"https:\/\/api.w.org\/{rel}","templated":true}]}}