{"id":1568,"date":"2018-11-19T13:14:51","date_gmt":"2018-11-19T12:14:51","guid":{"rendered":"https:\/\/www.archivsuisse.ch\/?page_id=1568"},"modified":"2025-08-28T21:30:56","modified_gmt":"2025-08-28T19:30:56","slug":"sicherheitstandards","status":"publish","type":"page","link":"https:\/\/www.archivsuisse.ch\/test\/archivsuisse-wp\/index.php\/sicherheit\/sicherheitstandards\/","title":{"rendered":"Sicherheitstandards"},"content":{"rendered":"<p><\/p>\n<h1>H\u00f6chste Sicherheitsstandards<\/h1>\n<p>Zentraler Eckpfeiler in der Gesch\u00e4ftst\u00e4tigkeit von archivsuisse in Bezug auf den Umgang mit digitalen und physischen Akten, resp. Daten ist die Sicherheit: Qualit\u00e4t und Integrit\u00e4t von Personal und Prozessen, Diskretion und Vertraulichkeit sowie Informationssicherheit und Datenschutz.<\/p>\n<p>archivsuisse garantiert h\u00f6chste Sicherheitsstandards auf allen Ebenen durch:<\/p>\n<h2>strenge Personalselektion:<\/h2>\n<ul>\n<li>qualifiziertes Archiv-Fachpersonal<\/li>\n<li>sorgf\u00e4ltig ausgew\u00e4hlte Mitarbeitende mit langj\u00e4hriger Firmenzugeh\u00f6rigkeit<\/li>\n<li>regelm\u00e4ssige Sicherheits\u00fcberpr\u00fcfung<\/li>\n<\/ul>\n<h2>sichere Infrastruktur:<\/h2>\n<ul>\n<li>Feuer-, Wasser- und Brandschutz<\/li>\n<li>Laufende Klima\u00fcberwachung<\/li>\n<li>Einbruchschutz in Zusammenarbeit mit Sicherheitsfachleuten<\/li>\n<li>Zutrittskontrolle zu den Archivr\u00e4umen<\/li>\n<li>Betrieb einer Informationssicherheits-ICT-Infrastruktur in Zusammenarbeit mit einem zertifizierten Datacenter<\/li>\n<li>Gesch\u00fctztes Kundenportal mit mehrfach gesichertem Kundenlogin<\/li>\n<\/ul>\n<h2>\u00fcberpr\u00fcfte und zertifizierte Arbeitsweise:<\/h2>\n<ul>\n<li>implementierte Prozesse, die h\u00f6chste Anforderungen an die Qualit\u00e4ts- und Informationssicherheit erf\u00fcllen<\/li>\n<li>fachgerechte, anonym-neutrale Archivierung der Akten<\/li>\n<li>Gew\u00e4hrleistung von Vertraulichkeit und Datenschutz<\/li>\n<li>zertifiziert nach Qualit\u00e4tsmanagementsystem ISO 9001<\/li>\n<\/ul>\n<p><\/p>","protected":false},"excerpt":{"rendered":"<p>H\u00f6chste Sicherheitsstandards Zentraler Eckpfeiler in der Gesch\u00e4ftst\u00e4tigkeit von archivsuisse in Bezug auf den Umgang mit digitalen und physischen Akten, resp.<\/p>\n","protected":false},"author":1,"featured_media":140,"parent":13,"menu_order":0,"comment_status":"closed","ping_status":"closed","template":"template-fullwidth.php","meta":{"footnotes":""},"class_list":["post-1568","page","type-page","status-publish","has-post-thumbnail","hentry"],"_links":{"self":[{"href":"https:\/\/www.archivsuisse.ch\/test\/archivsuisse-wp\/index.php\/wp-json\/wp\/v2\/pages\/1568","targetHints":{"allow":["GET"]}}],"collection":[{"href":"https:\/\/www.archivsuisse.ch\/test\/archivsuisse-wp\/index.php\/wp-json\/wp\/v2\/pages"}],"about":[{"href":"https:\/\/www.archivsuisse.ch\/test\/archivsuisse-wp\/index.php\/wp-json\/wp\/v2\/types\/page"}],"author":[{"embeddable":true,"href":"https:\/\/www.archivsuisse.ch\/test\/archivsuisse-wp\/index.php\/wp-json\/wp\/v2\/users\/1"}],"replies":[{"embeddable":true,"href":"https:\/\/www.archivsuisse.ch\/test\/archivsuisse-wp\/index.php\/wp-json\/wp\/v2\/comments?post=1568"}],"version-history":[{"count":14,"href":"https:\/\/www.archivsuisse.ch\/test\/archivsuisse-wp\/index.php\/wp-json\/wp\/v2\/pages\/1568\/revisions"}],"predecessor-version":[{"id":4529,"href":"https:\/\/www.archivsuisse.ch\/test\/archivsuisse-wp\/index.php\/wp-json\/wp\/v2\/pages\/1568\/revisions\/4529"}],"up":[{"embeddable":true,"href":"https:\/\/www.archivsuisse.ch\/test\/archivsuisse-wp\/index.php\/wp-json\/wp\/v2\/pages\/13"}],"wp:featuredmedia":[{"embeddable":true,"href":"https:\/\/www.archivsuisse.ch\/test\/archivsuisse-wp\/index.php\/wp-json\/wp\/v2\/media\/140"}],"wp:attachment":[{"href":"https:\/\/www.archivsuisse.ch\/test\/archivsuisse-wp\/index.php\/wp-json\/wp\/v2\/media?parent=1568"}],"curies":[{"name":"wp","href":"https:\/\/api.w.org\/{rel}","templated":true}]}}