{"id":15,"date":"2016-05-30T15:38:25","date_gmt":"2016-05-30T13:38:25","guid":{"rendered":"http:\/\/www.archivbern.ch\/archivsuisse-wp\/?page_id=15"},"modified":"2025-01-15T13:15:24","modified_gmt":"2025-01-15T12:15:24","slug":"erfolgsgeschichten","status":"publish","type":"page","link":"https:\/\/www.archivsuisse.ch\/test\/archivsuisse-wp\/index.php\/erfolgsgeschichten\/","title":{"rendered":"Erfolgsgeschichten"},"content":{"rendered":"<p><\/p>\n<h1>Erfolgsgeschichten<\/h1>\n<p>Mit unseren massgeschneiderten Archivl\u00f6sungen konnten wir bis heute zahlreiche Erfolgsgeschichten schreiben. Mit einer Auswahl m\u00f6chten wir Ihnen einen tiefergehenden Einblick in unsere vielf\u00e4ltigen <a href=\"https:\/\/www.archivsuisse.ch\/index.php\/dienstleistungen\/\">Archivdienstleistungen<\/a> und unsere <a href=\"https:\/\/www.archivsuisse.ch\/index.php\/dienstleistungen\/branchenloesungen\/\">Branchenl\u00f6sungen<\/a> erm\u00f6glichen.<\/p>\n<div class=\"entry-content clearfix\">\n<h1>600 Jahre Baugeschichte des Berner M\u00fcnsters f\u00fcr die Nachwelt erhalten<\/h1>\n<\/div>\n<div class=\"entry-content clearfix\">\n<p><img loading=\"lazy\" decoding=\"async\" class=\"alignnone wp-image-3657\" src=\"https:\/\/www.archivsuisse.ch\/archivsuisse-wp\/wp-content\/uploads\/2022\/09\/Piql-logo-300x209.png\" alt=\"\" width=\"150\" height=\"104\" \/><\/p>\n<ul>\n<li>Das Berner M\u00fcnster ist das Wahrzeichen der Altstadt von Bern und Teil des UNESCO Weltkulturerbes.<\/li>\n<li>archivsuisse als exklusiver Partner von Piql in der Schweiz konnte der Berner M\u00fcnsterstiftung bei ihrem Bed\u00fcrfnis nach einer langfristigen L\u00f6sung im Bereich Datenarchivierung helfen.<\/li>\n<li>Mithilfe der innovativen L\u00f6sung zur Langzeitspeicherung von digitalen Daten k\u00f6nnen wichtige Baudokumentationen zum Berner M\u00fcnster f\u00fcr Jahrhunderte bewahrt werden.<\/li>\n<\/ul>\n<p><span style=\"color: #c00000;\"><a style=\"color: #c00000;\" href=\"https:\/\/www.archivsuisse.ch\/archivsuisse-wp\/wp-content\/uploads\/2022\/08\/Case-study-Munsterstiftung_DE.pdf\"><em><strong>mehr erfahren...<\/strong><\/em><\/a><\/span><\/p>\n<\/div>\n<p>&nbsp;<\/p>\n<h1><strong>Erschliessung und Digitalisierung von Vertr\u00e4gen<\/strong><\/h1>\n<p><img loading=\"lazy\" decoding=\"async\" class=\"alignnone wp-image-1703 size-full\" src=\"https:\/\/www.archivsuisse.ch\/archivsuisse-wp\/wp-content\/uploads\/2019\/03\/swissgrid-e1555492920386.png\" alt=\"\" width=\"250\" height=\"63\" \/><\/p>\n<ul>\n<li>Die <span style=\"color: #c00000;\"><strong>Swissgrid AG<\/strong><\/span> ist f\u00fcr den Betrieb, die Sicherheit und den Ausbau des schweizerischen H\u00f6chstspannungsnetzes verantwortlich. Die nationale Netzgesellschaft hat am 3. Januar 2013 das Eigentum am \u00dcbertragungsnetz (380\/220 kV) \u00fcbernommen.<\/li>\n<li>Swissgrid verwaltet s\u00e4mtliche Dienstbarkeitsvertr\u00e4ge, die im Zuge der Erstellung des \u00dcbertragungsnetzes abgeschlossen worden sind. Neue kommen hinzu.<\/li>\n<li>Diese Vertr\u00e4ge hat Swissgrid von den ehemaligen \u00dcbertragungsnetzbetreibern \u00fcbernommen. Im Sinne eines modernen Dienstbarkeitsmanagements mussten die Inhalte erschlossen und digitalisiert werden.<\/li>\n<li>Swissgrid hat archivsuisse damit beauftragt, diese ersten Schritte zum Aufbau eines Dienstbarkeitsmanagements durchzuf\u00fchren.<\/li>\n<\/ul>\n<p><span style=\"color: #c00000;\"><a style=\"color: #c00000;\" href=\"https:\/\/www.archivsuisse.ch\/index.php\/erfolgsgeschichten\/referenz-swissgrid\/\"><strong><em>mehr erfahren...<\/em><\/strong><\/a><\/span><\/p>\n<p>&nbsp;<\/p>\n<h1><strong>Aufbereitung von Papierakten zur Ablieferung an das Bundesarchiv<\/strong><\/h1>\n<h1><strong><img loading=\"lazy\" decoding=\"async\" class=\"alignnone wp-image-1786 size-full\" src=\"https:\/\/www.archivsuisse.ch\/archivsuisse-wp\/wp-content\/uploads\/2019\/03\/BAG-e1555492948682.jpeg\" alt=\"\" width=\"250\" height=\"134\" \/><\/strong><\/h1>\n<ul>\n<li>Archivsuisse bereitet im Auftrag des <span style=\"color: #c00000;\"><strong>Bundesamtes f\u00fcr Gesundheit (BAG)<\/strong> <\/span>rund 200 Laufmeter Unterlagen des Direktionsbereichs Kranken- und Unfallversicherung zur Ablieferung an das Bundesarchiv auf.<\/li>\n<li>Der Aufbau, die Struktur und Ordnung der bestehenden Ablage wird analysiert und in Absprache mit dem Bundesarchiv wird die Bestandszuteilung bestimmt.<\/li>\n<li>Die einzelnen Dossiers sind nach Abschluss des Projekts gem\u00e4ss den Vorgaben des Bundesarchivs langzeitarchivf\u00e4hig verpackt, alle n\u00f6tigen Metadaten sind in der Archivsoftware erfasst und dem Bundesarchiv zur Aufbewahrung \u00fcbergeben.<\/li>\n<\/ul>\n<p><span style=\"color: #c00000;\"><a style=\"color: #c00000;\" href=\"https:\/\/www.archivsuisse.ch\/index.php\/erfolgsgeschichten\/referenz-bag\/\"><strong><em>mehr erfahren...<\/em><\/strong><\/a><\/span><\/p>\n<p>&nbsp;<\/p>\n<h1><strong>Externe Archivbetreuung<\/strong><\/h1>\n<h1><strong><img loading=\"lazy\" decoding=\"async\" class=\"alignnone wp-image-2851 \" src=\"https:\/\/www.archivsuisse.ch\/archivsuisse-wp\/wp-content\/uploads\/2022\/01\/BKW_Logo_RGB_L-300x136.png\" alt=\"\" width=\"260\" height=\"118\" srcset=\"https:\/\/www.archivsuisse.ch\/test\/archivsuisse-wp\/wp-content\/uploads\/2022\/01\/BKW_Logo_RGB_L-300x136.png 300w, https:\/\/www.archivsuisse.ch\/test\/archivsuisse-wp\/wp-content\/uploads\/2022\/01\/BKW_Logo_RGB_L-1140x515.png 1140w, https:\/\/www.archivsuisse.ch\/test\/archivsuisse-wp\/wp-content\/uploads\/2022\/01\/BKW_Logo_RGB_L-1536x694.png 1536w, https:\/\/www.archivsuisse.ch\/test\/archivsuisse-wp\/wp-content\/uploads\/2022\/01\/BKW_Logo_RGB_L-2048x925.png 2048w\" sizes=\"auto, (max-width: 260px) 100vw, 260px\" \/><\/strong><\/h1>\n<ul>\n<li>Seit 2011 betreut archivsuisse im Auftrag der <span style=\"color: #c00000;\"><strong>BKW<\/strong><\/span> das Zentralarchiv der BKW Energie AG in deren Hauptsitz und sp\u00e4ter auch das dezentrale Archiv des <span style=\"color: #c00000;\"><strong>Kernkraftwerks M\u00fchleberg<\/strong><\/span>.<\/li>\n<li>In Zusammenarbeit mit den verantwortlichen Stellen der BKW wurden die Abl\u00e4ufe und Prozesse des Zentralarchivs optimiert und professionalisiert.<\/li>\n<li>Zwei Mitarbeiterinnen gew\u00e4hrleisten den t\u00e4glichen Betrieb des Archivs. Sie stellen sicher, dass Anfragen beantwortet, Ausleihen bearbeitet und Retouren zur\u00fcckgenommen werden.<\/li>\n<li>Weiter werden durch das Team neue Akten \u00fcbernommen, erschlossen und in die Best\u00e4nde integriert.<\/li>\n<\/ul>\n<p><span style=\"color: #c00000;\"><a style=\"color: #c00000;\" href=\"https:\/\/www.archivsuisse.ch\/index.php\/erfolgsgeschichten\/referenz-bkw\/\"><strong><em>mehr erfahren...<\/em><\/strong><\/a><\/span><\/p>\n<p>&nbsp;<\/p>\n<h1><strong>Archivierung und <\/strong><strong>\u00abScanning on demand<\/strong><strong>\u00bb von Krankengeschichten<\/strong><\/h1>\n<p><img loading=\"lazy\" decoding=\"async\" class=\"alignnone wp-image-2919 size-medium\" src=\"https:\/\/www.archivsuisse.ch\/archivsuisse-wp\/wp-content\/uploads\/2022\/01\/Logo_FMH_Services_CMYK-300x62.jpg\" alt=\"\" width=\"300\" height=\"62\" srcset=\"https:\/\/www.archivsuisse.ch\/test\/archivsuisse-wp\/wp-content\/uploads\/2022\/01\/Logo_FMH_Services_CMYK-300x62.jpg 300w, https:\/\/www.archivsuisse.ch\/test\/archivsuisse-wp\/wp-content\/uploads\/2022\/01\/Logo_FMH_Services_CMYK.jpg 517w\" sizes=\"auto, (max-width: 300px) 100vw, 300px\" \/><\/p>\n<ul>\n<li><span style=\"color: #000000;\">F\u00fcr viele \u00c4rztinnen und \u00c4rzte, so <span style=\"font-size: 1.125rem;\">auch f\u00fcr <\/span><span style=\"font-size: 1.125rem;\">Dr. med. <\/span><span style=\"font-size: 1.125rem;\">Kuno B<\/span><span style=\"font-size: 1.125rem;\">igger <\/span><span style=\"font-size: 1.125rem;\">ist das Thema Digitalisierung der Krankengeschichten (KG) zurzeit aktuell.<\/span><\/span><\/li>\n<li>Nebst der Auswahl des geeigneten Praxisinformationssystems erfordert die Umstellung eine saubere und effiziente L\u00f6sung f\u00fcr die Digitalisierung der bestehenden physischen Krankengeschichten.<\/li>\n<li>Eine Digitalisierung auf \u00abVorrat\u00bb aller physischen Krankengeschichten macht jedoch in der Regel keinen Sinn.<\/li>\n<li>Dr. med. Kuno Bigger ist bereits auf die elektronische F\u00fchrung von KG umgestiegen und hat sich dabei f\u00fcr den Service \u00abScanning on demand\u00bb von archivsuisse entschieden.<\/li>\n<li>Die Branchenl\u00f6sung \u00abKrankengeschichten-Archiv\u00bb betreibt archivsuisse in Zusammenarbeit mit <span style=\"color: #c00000;\"><strong>FMH Services<\/strong><\/span> und den <span style=\"color: #c00000;\"><strong>Kantons\u00e4rzten<\/strong>.\u00a0<\/span><\/li>\n<\/ul>\n<p><span style=\"color: #c00000;\"><a style=\"color: #c00000;\" href=\"https:\/\/www.archivsuisse.ch\/index.php\/erfolgsgeschichten\/referenz-dr-bigger\/\"><strong><em>mehr erfahren...<\/em><\/strong><\/a><\/span><\/p>\n<p>&nbsp;<\/p>\n<h1>Digitalisierung von Liegenschaftsdossiers<\/h1>\n<h1><img loading=\"lazy\" decoding=\"async\" class=\"alignnone wp-image-1890\" src=\"https:\/\/www.archivsuisse.ch\/archivsuisse-wp\/wp-content\/uploads\/2019\/05\/primeo_energie_rgb_150dpi.jpg\" alt=\"\" width=\"302\" height=\"104\" srcset=\"https:\/\/www.archivsuisse.ch\/test\/archivsuisse-wp\/wp-content\/uploads\/2019\/05\/primeo_energie_rgb_150dpi.jpg 851w, https:\/\/www.archivsuisse.ch\/test\/archivsuisse-wp\/wp-content\/uploads\/2019\/05\/primeo_energie_rgb_150dpi-300x104.jpg 300w\" sizes=\"auto, (max-width: 302px) 100vw, 302px\" \/><\/h1>\n<ul>\n<li>Die <span style=\"color: #c00000;\"><strong>Primeo Energie<\/strong><\/span>\u00a0ist ein Unternehmen, das Energiel\u00f6sungen f\u00fcr Privat- und Gesch\u00e4ftskunden, Energieversorgungsunternehmen, St\u00e4dte und Gemeinden entwickelt.<\/li>\n<li>Im Jahre 2016 \u00fcbernahm die Primeo Energie gemeinsam mit der UBS Clean Energy Infrastructure Switzerland und dem St\u00e4dtischen Betrieb Olten die Aktienmehrheit der Aare Versorgungs AG und leitete fortan deren operative F\u00fchrung.<\/li>\n<li>Im Zuge dieser \u00dcbernahme kam die Notwendigkeit auf, rund 14\u2019500 Liegenschaftsdossiers der \u00fcbernommenen Unternehmung mittels Digitalisierung in das Liegenschaftsmanagement (SharePoint) der Primeo Energie zu integrieren.<\/li>\n<li>Die Primeo Energie hat im Jahre 2018 archivsuisse mit der Digitalisierung der entsprechenden Liegenschaftsdossiers und der Harmonisierung der Erschliessungsdaten\u00a0beauftragt.<span style=\"color: #c00000;\">\u00a0<\/span><\/li>\n<\/ul>\n<p><span style=\"color: #c00000;\"><a style=\"color: #c00000;\" href=\"https:\/\/www.archivsuisse.ch\/index.php\/erfolgsgeschichten\/referenzen-primeo-energie\/\"><strong><em>mehr erfahren...<\/em><\/strong><\/a><\/span><\/p>\n<p>&nbsp;<\/p>\n<h1><strong>Projekt: Analyse der Archivsituation, \u00dcbernahme und Bewirtschaftung der physischen Archive<\/strong><\/h1>\n<p><img loading=\"lazy\" decoding=\"async\" class=\"alignnone wp-image-2845 size-medium\" src=\"https:\/\/www.archivsuisse.ch\/archivsuisse-wp\/wp-content\/uploads\/2022\/01\/logo_migros-1-300x88.jpg\" alt=\"\" width=\"300\" height=\"88\" srcset=\"https:\/\/www.archivsuisse.ch\/test\/archivsuisse-wp\/wp-content\/uploads\/2022\/01\/logo_migros-1-300x88.jpg 300w, https:\/\/www.archivsuisse.ch\/test\/archivsuisse-wp\/wp-content\/uploads\/2022\/01\/logo_migros-1.jpg 1063w\" sizes=\"auto, (max-width: 300px) 100vw, 300px\" \/><\/p>\n<ul>\n<li>archivsuisse durfte die <span style=\"color: #c00000;\"><strong>Genossenschaft Migros Aare (GMAA)<\/strong><\/span> bei der Analyse ihrer physischen Gesamtarchivsituation begleiten<\/li>\n<li>Nach dem Entscheid der GMAA, ihre physischen Archive zu externalisieren, wurde archivsuisse mit der \u00dcbernahme s\u00e4mtlicher physischen Archivbestande beauftragt<\/li>\n<li>Seit Ende 2020 betreut und bewirtschaftet archivsuisse die physischen Archive der GMAA nach gemeinsam definierten Prozessen \u2013 von der Akten\u00fcbernahme, \u00fcber die Erschliessung und Aktenauslieferung\/-Digitalisierung bis hin zur gesicherten Vernichtung<\/li>\n<\/ul>\n<p><a href=\"https:\/\/www.archivsuisse.ch\/index.php\/erfolgsgeschichten\/uebernahme-der-physischen-archive-der-genossenschaft-migros-aare-gmaa\/\"><span style=\"color: #c00000;\"><strong><em>mehr erfahren...<\/em><\/strong><\/span><\/a><\/p>\n<p>&nbsp;<\/p>\n<h1>Digitale Unterlagen eines in Liquidation stehenden Unternehmens rechtssicher archivieren<\/h1>\n<p><img loading=\"lazy\" decoding=\"async\" class=\"alignnone wp-image-3657\" src=\"https:\/\/www.archivsuisse.ch\/archivsuisse-wp\/wp-content\/uploads\/2022\/09\/Piql-logo-300x209.png\" alt=\"\" width=\"150\" height=\"104\" \/><\/p>\n<ul>\n<li>Auch Unternehmen, welche sich in Liquidation befinden, sind verpflichtet die gesch\u00e4ftsrelevanten\u00a0 Unterlagen weiter aufzubewahren und verf\u00fcgbar zu halten.<\/li>\n<li>archivsuisse konnte dem aus Datenschutzgr\u00fcnden nicht namentlich genannten Unternehmen mit dem piqlFilm eine massgeschneiderte L\u00f6sung f\u00fcr einen solchen Anwendungsfall anbieten, welche nachhaltig, kosteng\u00fcnstig und revisionssicher ist.<\/li>\n<\/ul>\n<p><a href=\"https:\/\/www.archivsuisse.ch\/archivsuisse-wp\/wp-content\/uploads\/2022\/09\/Case-study-Unternehmen-in-Liquidation.pdf\"><span style=\"color: #c00000;\"><strong><em>mehr erfahren...<\/em><\/strong><\/span><\/a><\/p>","protected":false},"excerpt":{"rendered":"<p>Erfolgsgeschichten Mit unseren massgeschneiderten Archivl\u00f6sungen konnten wir bis heute zahlreiche Erfolgsgeschichten schreiben. Mit einer Auswahl m\u00f6chten wir Ihnen einen tiefergehenden<\/p>\n","protected":false},"author":6,"featured_media":804,"parent":0,"menu_order":0,"comment_status":"closed","ping_status":"closed","template":"template-fullwidth.php","meta":{"footnotes":""},"class_list":["post-15","page","type-page","status-publish","has-post-thumbnail","hentry"],"_links":{"self":[{"href":"https:\/\/www.archivsuisse.ch\/test\/archivsuisse-wp\/index.php\/wp-json\/wp\/v2\/pages\/15","targetHints":{"allow":["GET"]}}],"collection":[{"href":"https:\/\/www.archivsuisse.ch\/test\/archivsuisse-wp\/index.php\/wp-json\/wp\/v2\/pages"}],"about":[{"href":"https:\/\/www.archivsuisse.ch\/test\/archivsuisse-wp\/index.php\/wp-json\/wp\/v2\/types\/page"}],"author":[{"embeddable":true,"href":"https:\/\/www.archivsuisse.ch\/test\/archivsuisse-wp\/index.php\/wp-json\/wp\/v2\/users\/6"}],"replies":[{"embeddable":true,"href":"https:\/\/www.archivsuisse.ch\/test\/archivsuisse-wp\/index.php\/wp-json\/wp\/v2\/comments?post=15"}],"version-history":[{"count":229,"href":"https:\/\/www.archivsuisse.ch\/test\/archivsuisse-wp\/index.php\/wp-json\/wp\/v2\/pages\/15\/revisions"}],"predecessor-version":[{"id":4406,"href":"https:\/\/www.archivsuisse.ch\/test\/archivsuisse-wp\/index.php\/wp-json\/wp\/v2\/pages\/15\/revisions\/4406"}],"wp:featuredmedia":[{"embeddable":true,"href":"https:\/\/www.archivsuisse.ch\/test\/archivsuisse-wp\/index.php\/wp-json\/wp\/v2\/media\/804"}],"wp:attachment":[{"href":"https:\/\/www.archivsuisse.ch\/test\/archivsuisse-wp\/index.php\/wp-json\/wp\/v2\/media?parent=15"}],"curies":[{"name":"wp","href":"https:\/\/api.w.org\/{rel}","templated":true}]}}