{"id":13,"date":"2016-05-30T15:38:17","date_gmt":"2016-05-30T13:38:17","guid":{"rendered":"http:\/\/www.archivbern.ch\/archivsuisse-wp\/?page_id=13"},"modified":"2025-08-28T21:29:27","modified_gmt":"2025-08-28T19:29:27","slug":"sicherheit","status":"publish","type":"page","link":"https:\/\/www.archivsuisse.ch\/test\/archivsuisse-wp\/index.php\/sicherheit\/","title":{"rendered":"Sicherheit &#038; Datenschutz"},"content":{"rendered":"<p><\/p>\n<h1>Sicherheit bei archivsuisse<\/h1>\n<p>Zentraler Eckpfeiler der Gesch\u00e4ftst\u00e4tigkeit von archivsuisse ist die Sicherheit in Bezug auf den Umgang mit digitalen und physischen Akten und Daten: Qualit\u00e4t und Integrit\u00e4t von Personal und Prozessen, Diskretion und Vertraulichkeit sowie Informationssicherheit und Datenschutz.<\/p>\n<p>Das Sicherheitskonzept von archivsuisse basiert im Grundsatz auf drei Pfeilern<\/p>\n<ul>\n<li><a href=\"https:\/\/www.archivsuisse.ch\/index.php\/sicherheit\/sicherheitstandards\/\">Sicherheitsstandards<\/a><\/li>\n<li><a href=\"https:\/\/www.archivsuisse.ch\/index.php\/sicherheit\/zertifizierungen\/\">Zertifizierungen<\/a><\/li>\n<li><a href=\"https:\/\/www.archivsuisse.ch\/index.php\/sicherheit\/datenschutz-und-qualitaetsmanagement\/\">Datenschutz- und Qualit\u00e4tsmanagement<\/a><\/li>\n<\/ul>\n<p><\/p>","protected":false},"excerpt":{"rendered":"<p>Sicherheit bei archivsuisse Zentraler Eckpfeiler der Gesch\u00e4ftst\u00e4tigkeit von archivsuisse ist die Sicherheit in Bezug auf den Umgang mit digitalen und<\/p>\n","protected":false},"author":1,"featured_media":435,"parent":0,"menu_order":0,"comment_status":"closed","ping_status":"closed","template":"template-fullwidth.php","meta":{"footnotes":""},"class_list":["post-13","page","type-page","status-publish","has-post-thumbnail","hentry"],"_links":{"self":[{"href":"https:\/\/www.archivsuisse.ch\/test\/archivsuisse-wp\/index.php\/wp-json\/wp\/v2\/pages\/13","targetHints":{"allow":["GET"]}}],"collection":[{"href":"https:\/\/www.archivsuisse.ch\/test\/archivsuisse-wp\/index.php\/wp-json\/wp\/v2\/pages"}],"about":[{"href":"https:\/\/www.archivsuisse.ch\/test\/archivsuisse-wp\/index.php\/wp-json\/wp\/v2\/types\/page"}],"author":[{"embeddable":true,"href":"https:\/\/www.archivsuisse.ch\/test\/archivsuisse-wp\/index.php\/wp-json\/wp\/v2\/users\/1"}],"replies":[{"embeddable":true,"href":"https:\/\/www.archivsuisse.ch\/test\/archivsuisse-wp\/index.php\/wp-json\/wp\/v2\/comments?post=13"}],"version-history":[{"count":40,"href":"https:\/\/www.archivsuisse.ch\/test\/archivsuisse-wp\/index.php\/wp-json\/wp\/v2\/pages\/13\/revisions"}],"predecessor-version":[{"id":4526,"href":"https:\/\/www.archivsuisse.ch\/test\/archivsuisse-wp\/index.php\/wp-json\/wp\/v2\/pages\/13\/revisions\/4526"}],"wp:featuredmedia":[{"embeddable":true,"href":"https:\/\/www.archivsuisse.ch\/test\/archivsuisse-wp\/index.php\/wp-json\/wp\/v2\/media\/435"}],"wp:attachment":[{"href":"https:\/\/www.archivsuisse.ch\/test\/archivsuisse-wp\/index.php\/wp-json\/wp\/v2\/media?parent=13"}],"curies":[{"name":"wp","href":"https:\/\/api.w.org\/{rel}","templated":true}]}}