{"id":11,"date":"2016-05-30T15:38:07","date_gmt":"2016-05-30T13:38:07","guid":{"rendered":"http:\/\/www.archivbern.ch\/archivsuisse-wp\/?page_id=11"},"modified":"2025-01-23T15:53:36","modified_gmt":"2025-01-23T14:53:36","slug":"branchenloesungen","status":"publish","type":"page","link":"https:\/\/www.archivsuisse.ch\/test\/archivsuisse-wp\/index.php\/dienstleistungen\/branchenloesungen\/","title":{"rendered":"Branchenl\u00f6sungen"},"content":{"rendered":"<p><\/p>\n<h1>Branchenl\u00f6sungen<\/h1>\n<p>archivsuisse bietet ausgew\u00e4hlte datenschutzgepr\u00fcfte L\u00f6sungen f\u00fcr die Archivierung physischer und\/oder digitaler Akten in spezifischen Branchen. archivsuisse ist mit ihren Archivdienstleistungen f\u00fcr verschiedenste Kundensegmente t\u00e4tig und passt ihre Branchenl\u00f6sungen jeweils auf die individuellen Kundenbed\u00fcrfnisse an. Um die Vertraulichkeit zu gew\u00e4hrleisten, f\u00fchren wir die entsprechenden Branchenl\u00f6sungen nur summarisch ohne Nennung der Kunden auf. Ausgew\u00e4hlte Referenzprojekte finden Sie unter Referenzen.<\/p>\n<h4>AHV-Ausgleichskassen<\/h4>\n<ul>\n<li>Archivierung datenschutzsensibler AK-Unterlagen<\/li>\n<li>Verzeichnung der AK-Akten<\/li>\n<li>Scanning on demand auf Abruf von Teilbest\u00e4nden<\/li>\n<li>Scanning ganzer Rentendossiers-Serien zur Weiterverwendung in einem Renten-Informationssystem<\/li>\n<\/ul>\n<h4>Anwaltskanzleien und Notariate<\/h4>\n<ul>\n<li>Ausarbeitung normierter Ablagestrukturen<\/li>\n<li>Einf\u00fchrung digitaler Gesch\u00e4ftsprozesse<\/li>\n<li>Archivierung der physischen und digitalen Klientendossiers<\/li>\n<\/ul>\n<h4>\u00c4rzte\/Spit\u00e4ler (s. auch <a href=\"https:\/\/www.archivsuisse.ch\/index.php\/dienstleistungen\/krankengeschichten-archiv\/krankengeschichten-archivieren\/\">KG-archivsuisse: Krankengeschichten-Archiv<\/a>)<\/h4>\n<ul>\n<li>\u00dcbernahme physischer und digitaler Patientendossiers<\/li>\n<li>Fachgerechte Einlagerung physischer R\u00f6ntgendossiers<\/li>\n<li>\u00dcbernahme von Explantaten<\/li>\n<li>Verzeichnung der Krankengeschichten<\/li>\n<li>Auslieferung (physisch\/digitale) der Krankengeschichten an berechtigte Personen<\/li>\n<li>Scanning von Patientendossiers zwecks \u00dcberf\u00fchrung in ein Patienten-\/Klinik-Informationssystem<\/li>\n<li>Digitalisierung und Lanzeitarchivierung von OP-Aufzeichnungen auf Video (Migration obsoleter Videoformate)<\/li>\n<li>Beratung bei Archivbereinigungen (Aufbewahrungsfristen, Ablieferungspflicht an \u00f6ffentliche Archive)<\/li>\n<\/ul>\n<h4>Banken (auch in Liquidation)<\/h4>\n<ul>\n<li>Leitung und F\u00fchrung des Archivs<\/li>\n<li>\u00dcbernahme und fachgerechte Archivierung von Backup-Tapes (LTO)<\/li>\n<li>\u00dcbernahme physischer und digitaler Kundendossiers<\/li>\n<li>Datenschutzkonforme Vernichtung aller Akten und Daten nach Ablauf der Aufbewahrungsfristen<\/li>\n<\/ul>\n<h4>Elektrizit\u00e4tswirtschaft<\/h4>\n<ul>\n<li>Leitung bzw. Betreuung der Firmenarchive (Gesch\u00e4fts-, Vertrags- und technische Unterlagen) am Firmensitz oder in den gesicherten Archivr\u00e4umlichkeiten von archivsuisse<\/li>\n<li>Erschliessung und Bewertung der physischen Akten<\/li>\n<li>Scanning grosser Akten- und Planbest\u00e4nde<\/li>\n<li>Bewirtschaftung grosser, aktiver Dossiersbest\u00e4nde<br \/>\nAufbereitung der Dienstbarkeitsvertr\u00e4ge f\u00fcr das Vertragsmanagement (Erschliessung mit Metadaten und Scanning der Vertr\u00e4ge)<\/li>\n<\/ul>\n<h4>Gemeinden<\/h4>\n<ul>\n<li>Bewertung der Best\u00e4nde im Hinblick auf die Archivw\u00fcrdigkeit<\/li>\n<li>Umsetzung der Bewertungsrichtlinen der Staatsarchive<\/li>\n<li>Erstellen von Aktenpl\u00e4nen<\/li>\n<li>Verzeichnung der Archivbest\u00e4nde<\/li>\n<li>archivgerechte Verpackung der Akten<\/li>\n<li>\u00dcbernahme und Einlagerung von Teilbest\u00e4nden bei Platzmangel<\/li>\n<\/ul>\n<h4>Kantonale Grundbuch\u00e4mter<\/h4>\n<ul>\n<li>Strukturierung der Grundbuchausz\u00fcge<\/li>\n<li>Scanning der Grundbuchausz\u00fcge zwecks \u00dcberf\u00fchrung in ein Grundbuch-Informationssystem<\/li>\n<li>archivgerechte Verpackung der Grundbuchausz\u00fcge f\u00fcr das kantonale Archiv<\/li>\n<\/ul>\n<h4>Immobilienunternehmen<\/h4>\n<ul>\n<li>Analyse der Gesch\u00e4ftsprozesse<\/li>\n<li>Ausarbeitung eines Ordnungssystems f\u00fcr die Ablage der digitalen und physischen Akten<\/li>\n<li>Bereinigung des Archivs und der Immobilien-Aktenbest\u00e4nde<\/li>\n<\/ul>\n<h4>Ingenieurunternehmen<\/h4>\n<ul>\n<li>\u00dcbernahme physischer Projektdossiers<\/li>\n<li>Verzeichnung und Bewirtschaftung der Archivbest\u00e4nde<\/li>\n<li>Physische und\/oder digitale Auslieferung einzelner Projektdossiers auf Abruf (inkl. Pl\u00e4ne)<\/li>\n<\/ul>\n<h4>Kantonale Stellen im Bildungs- und Sozialbereich<\/h4>\n<ul>\n<li>\u00dcbernahme und Verzeichnung physischer Dossiers<\/li>\n<li>Datenschutzkonforme Einlagerung in den gesicherten Archivr\u00e4umlichkeiten von archivsuisse<\/li>\n<li>Physische und\/oder digitale Auslieferung auf Abruf<\/li>\n<\/ul>\n<h4>Liquidationen und Konkurse<\/h4>\n<ul>\n<li>\u00dcbernahme und Archivierung der Akten bis zum Ablauf der gesetzlichen Aufbewahrungsfrist<\/li>\n<li>Physische und\/oder digitale Auslieferung von Akten bei Bedarf<\/li>\n<li>Vernichtung der Akten nach Ablauf der Aufbewahrungspflicht<\/li>\n<\/ul>\n<h4>Medienbranche<\/h4>\n<ul>\n<li>\u00dcbernahme und Verzeichnung physischer Kundendossiers<\/li>\n<li>Aufbewahrung w\u00e4hrend der Dauer von 10 Jahren mit fachgerechter Vernichtung nach Ablauf der Aufbewahrungsfrist<\/li>\n<\/ul>\n<h4>Treuhandunternehmen<\/h4>\n<ul>\n<li>Archivierung der Revisionsunterlagen f\u00fcr die Dauer von 10 Jahren<\/li>\n<li>Vernichtung der Akten nach Ablauf der Aufbewahrungsdauer<\/li>\n<\/ul>\n<h4>Verb\u00e4nde<\/h4>\n<ul>\n<li>Bewertung der Best\u00e4nde hinsichtlich Archivw\u00fcrdigkeit<\/li>\n<li>Erstellen von Aktenpl\u00e4nen<\/li>\n<li>Verzeichnung der Archivbest\u00e4nde<\/li>\n<li>archivgerechte Verpackung der Akten<\/li>\n<li>\u00dcbernahme und Einlagerung von Teilbest\u00e4nden bei Platzmangel<\/li>\n<li>Digitale Archivierung<\/li>\n<\/ul>\n<h4>Vereine und kleine Betriebe<\/h4>\n<ul>\n<li>Pauschall\u00f6sung f\u00fcr Vereine und kleine Betriebe<\/li>\n<li>sichere Archivierung<\/li>\n<li>kosteng\u00fcnstige Dienstleistung zu Pauschalpreisen<\/li>\n<li>unkomplizierte Abwicklung<\/li>\n<\/ul>\n<p><\/p>","protected":false},"excerpt":{"rendered":"<p>Branchenl\u00f6sungen archivsuisse bietet ausgew\u00e4hlte datenschutzgepr\u00fcfte L\u00f6sungen f\u00fcr die Archivierung physischer und\/oder digitaler Akten in spezifischen Branchen. archivsuisse ist mit ihren<\/p>\n","protected":false},"author":6,"featured_media":657,"parent":58,"menu_order":0,"comment_status":"closed","ping_status":"closed","template":"template-fullwidth.php","meta":{"footnotes":""},"class_list":["post-11","page","type-page","status-publish","has-post-thumbnail","hentry"],"_links":{"self":[{"href":"https:\/\/www.archivsuisse.ch\/test\/archivsuisse-wp\/index.php\/wp-json\/wp\/v2\/pages\/11","targetHints":{"allow":["GET"]}}],"collection":[{"href":"https:\/\/www.archivsuisse.ch\/test\/archivsuisse-wp\/index.php\/wp-json\/wp\/v2\/pages"}],"about":[{"href":"https:\/\/www.archivsuisse.ch\/test\/archivsuisse-wp\/index.php\/wp-json\/wp\/v2\/types\/page"}],"author":[{"embeddable":true,"href":"https:\/\/www.archivsuisse.ch\/test\/archivsuisse-wp\/index.php\/wp-json\/wp\/v2\/users\/6"}],"replies":[{"embeddable":true,"href":"https:\/\/www.archivsuisse.ch\/test\/archivsuisse-wp\/index.php\/wp-json\/wp\/v2\/comments?post=11"}],"version-history":[{"count":43,"href":"https:\/\/www.archivsuisse.ch\/test\/archivsuisse-wp\/index.php\/wp-json\/wp\/v2\/pages\/11\/revisions"}],"predecessor-version":[{"id":4424,"href":"https:\/\/www.archivsuisse.ch\/test\/archivsuisse-wp\/index.php\/wp-json\/wp\/v2\/pages\/11\/revisions\/4424"}],"up":[{"embeddable":true,"href":"https:\/\/www.archivsuisse.ch\/test\/archivsuisse-wp\/index.php\/wp-json\/wp\/v2\/pages\/58"}],"wp:featuredmedia":[{"embeddable":true,"href":"https:\/\/www.archivsuisse.ch\/test\/archivsuisse-wp\/index.php\/wp-json\/wp\/v2\/media\/657"}],"wp:attachment":[{"href":"https:\/\/www.archivsuisse.ch\/test\/archivsuisse-wp\/index.php\/wp-json\/wp\/v2\/media?parent=11"}],"curies":[{"name":"wp","href":"https:\/\/api.w.org\/{rel}","templated":true}]}}