{"id":89,"date":"2016-06-14T16:11:43","date_gmt":"2016-06-14T14:11:43","guid":{"rendered":"http:\/\/www.archivbern.ch\/archivsuisse-wp\/?page_id=89"},"modified":"2025-06-24T15:07:28","modified_gmt":"2025-06-24T13:07:28","slug":"kg-archivsuisse","status":"publish","type":"page","link":"https:\/\/www.archivsuisse.ch\/index.php\/dienstleistungen\/branchenloesungen\/kg-archivsuisse\/","title":{"rendered":"KG-archivsuisse"},"content":{"rendered":"<p><\/p>\n<h1>KG-archivsuisse<\/h1>\n<p class=\"p1\">archivsuisse betreibt in Zusammenarbeit mit <a href=\"https:\/\/www.fmhservices.ch\" target=\"_blank\" rel=\"noopener\">FMH Services<\/a> die Branchenl\u00f6sung \u00abKrankengeschichten-Archiv\u00bb, kurz kg-archiv.<\/p>\n<p><a href=\"http:\/\/www.fmhservices.ch\/\"><u><\/u><img loading=\"lazy\" decoding=\"async\" class=\"wp-image-1173 alignleft\" src=\"https:\/\/www.archivsuisse.ch\/archivsuisse-wp\/wp-content\/uploads\/2016\/06\/Logo_FMH_Services_RGB-300x62.png\" alt=\"\" width=\"227\" height=\"47\" \/><\/a><\/p>\n<p>KG-archivsuisse archiviert <a href=\"http:\/\/www.archivsuisse.ch\/index.php\/branchenloesungen\/kg-archivsuisse\/krankengeschichten-archivieren\/\">physische oder digitale Krankengeschichten<\/a> und Patientendossiers nach den FMH-Standesregeln, datenschutzkonform und pseudonymisiert. Diese Dienstleistung richtet sich prim\u00e4r an \u00c4rzte und \u00c4rztinnen, die ihre Praxis auf- oder \u00fcbergeben sowie an deren Nachfolger. Von KG-archivsuisse profitieren Patienten und Patientinnen, die nach einer Praxisauf- oder \u00fcbergabe Zugang zu ihrer Krankenakte erhalten m\u00f6chten.<\/p>\n<p class=\"p1\">KG-archivsuisse bietet zudem einen Scan-Service f\u00fcr Krankengeschichten und unterst\u00fctzt damit \u00c4rzte und \u00c4rztinnen beim Umstellen auf digitale\u00a0Patientendossiers.<\/p>\n<p><img loading=\"lazy\" decoding=\"async\" class=\"size-medium wp-image-3743 alignleft\" src=\"https:\/\/www.archivsuisse.ch\/archivsuisse-wp\/wp-content\/uploads\/2022\/12\/MG_8148_bearbeitet-300x200.jpg\" alt=\"\" width=\"300\" height=\"200\" srcset=\"https:\/\/www.archivsuisse.ch\/archivsuisse-wp\/wp-content\/uploads\/2022\/12\/MG_8148_bearbeitet-300x200.jpg 300w, https:\/\/www.archivsuisse.ch\/archivsuisse-wp\/wp-content\/uploads\/2022\/12\/MG_8148_bearbeitet-1140x760.jpg 1140w, https:\/\/www.archivsuisse.ch\/archivsuisse-wp\/wp-content\/uploads\/2022\/12\/MG_8148_bearbeitet-1536x1024.jpg 1536w, https:\/\/www.archivsuisse.ch\/archivsuisse-wp\/wp-content\/uploads\/2022\/12\/MG_8148_bearbeitet-2048x1365.jpg 2048w\" sizes=\"auto, (max-width: 300px) 100vw, 300px\" \/><\/p>\n<p><strong>KG-archivsuisse<br \/>\n<\/strong>Markus M\u00e4der, Spezialist KG-Archiv<br \/>\nBernstrasse 23<br \/>\nCH-3122 Kehrsatz<\/p>\n<p>Tel. +41 (0)31 960 10 70<br \/>\nE-Mail <a href=\"mailto:kg@archivsuisse.ch\">kg@archivsuisse.ch<\/a><\/p>\n<p>&nbsp;<\/p>\n<h4>[one_half_last]Kontaktformular:<\/h4>\n\n<div class=\"wpcf7 no-js\" id=\"wpcf7-f622-o1\" lang=\"de-CH\" dir=\"ltr\" data-wpcf7-id=\"622\">\n<div class=\"screen-reader-response\"><p role=\"status\" aria-live=\"polite\" aria-atomic=\"true\"><\/p> <ul><\/ul><\/div>\n<form action=\"\/index.php\/wp-json\/wp\/v2\/pages\/89#wpcf7-f622-o1\" method=\"post\" class=\"wpcf7-form init\" aria-label=\"Contact form\" novalidate=\"novalidate\" data-status=\"init\">\n<fieldset class=\"hidden-fields-container\"><input type=\"hidden\" name=\"_wpcf7\" value=\"622\" \/><input type=\"hidden\" name=\"_wpcf7_version\" value=\"6.1.5\" \/><input type=\"hidden\" name=\"_wpcf7_locale\" value=\"de_CH\" \/><input type=\"hidden\" name=\"_wpcf7_unit_tag\" value=\"wpcf7-f622-o1\" \/><input type=\"hidden\" name=\"_wpcf7_container_post\" value=\"0\" \/><input type=\"hidden\" name=\"_wpcf7_posted_data_hash\" value=\"\" \/>\n<\/fieldset>\n<p>Ihr Name (obligatorisch)\n<\/p>\n<p><span class=\"wpcf7-form-control-wrap\" data-name=\"your-name\"><input size=\"40\" maxlength=\"400\" class=\"wpcf7-form-control wpcf7-text wpcf7-validates-as-required\" aria-required=\"true\" aria-invalid=\"false\" value=\"\" type=\"text\" name=\"your-name\" \/><\/span>\n<\/p>\n<p>Ihre Email (obligatorisch)\n<\/p>\n<p><span class=\"wpcf7-form-control-wrap\" data-name=\"your-email\"><input size=\"40\" maxlength=\"400\" class=\"wpcf7-form-control wpcf7-email wpcf7-validates-as-required wpcf7-text wpcf7-validates-as-email\" aria-required=\"true\" aria-invalid=\"false\" value=\"\" type=\"email\" name=\"your-email\" \/><\/span>\n<\/p>\n<p>Betreff\n<\/p>\n<p><span class=\"wpcf7-form-control-wrap\" data-name=\"your-subject\"><input size=\"40\" maxlength=\"400\" class=\"wpcf7-form-control wpcf7-text\" aria-invalid=\"false\" value=\"\" type=\"text\" name=\"your-subject\" \/><\/span>\n<\/p>\n<p>Ihre Nachricht\n<\/p>\n<p><span class=\"wpcf7-form-control-wrap\" data-name=\"your-message\"><textarea cols=\"40\" rows=\"10\" maxlength=\"2000\" class=\"wpcf7-form-control wpcf7-textarea\" aria-invalid=\"false\" name=\"your-message\"><\/textarea><\/span>\n<\/p>\n<p><span class=\"wpcf7-form-control-wrap\" data-name=\"hcap-cf7\">\t\t<input\n\t\t\t\ttype=\"hidden\"\n\t\t\t\tclass=\"hcaptcha-widget-id\"\n\t\t\t\tname=\"hcaptcha-widget-id\"\n\t\t\t\tvalue=\"eyJzb3VyY2UiOlsiY29udGFjdC1mb3JtLTdcL3dwLWNvbnRhY3QtZm9ybS03LnBocCJdLCJmb3JtX2lkIjo2MjJ9-b04dea4c25bada9382c525918eeb4b1d\">\n\t\t\t\t<span id=\"hcap_cf7-6a04ba6cd2c7b9.98555866\" class=\"wpcf7-form-control h-captcha \"\n\t\t\tdata-sitekey=\"b69441be-dcf6-4448-b45c-b0b2ccd88b5e\"\n\t\t\tdata-theme=\"light\"\n\t\t\tdata-size=\"normal\"\n\t\t\tdata-auto=\"false\"\n\t\t\tdata-ajax=\"false\"\n\t\t\tdata-force=\"false\">\n\t\t<\/span>\n\t\t<input type=\"hidden\" id=\"_wpnonce\" name=\"_wpnonce\" value=\"0f215e675a\" \/><input type=\"hidden\" name=\"_wp_http_referer\" value=\"\/index.php\/wp-json\/wp\/v2\/pages\/89\" \/><\/span><input class=\"wpcf7-form-control wpcf7-submit has-spinner\" type=\"submit\" value=\"Senden\" \/>\n<\/p><div class=\"wpcf7-response-output\" aria-hidden=\"true\"><\/div>\n<\/form>\n<\/div>\n\n<p>[\/one_half_last]<\/p>","protected":false},"excerpt":{"rendered":"<p>KG-archivsuisse archivsuisse betreibt in Zusammenarbeit mit FMH Services die Branchenl\u00f6sung \u00abKrankengeschichten-Archiv\u00bb, kurz kg-archiv. KG-archivsuisse archiviert physische oder digitale Krankengeschichten und<\/p>\n","protected":false},"author":6,"featured_media":800,"parent":11,"menu_order":0,"comment_status":"closed","ping_status":"closed","template":"template-fullwidth.php","meta":{"footnotes":""},"class_list":["post-89","page","type-page","status-publish","has-post-thumbnail","hentry"],"_links":{"self":[{"href":"https:\/\/www.archivsuisse.ch\/index.php\/wp-json\/wp\/v2\/pages\/89","targetHints":{"allow":["GET"]}}],"collection":[{"href":"https:\/\/www.archivsuisse.ch\/index.php\/wp-json\/wp\/v2\/pages"}],"about":[{"href":"https:\/\/www.archivsuisse.ch\/index.php\/wp-json\/wp\/v2\/types\/page"}],"author":[{"embeddable":true,"href":"https:\/\/www.archivsuisse.ch\/index.php\/wp-json\/wp\/v2\/users\/6"}],"replies":[{"embeddable":true,"href":"https:\/\/www.archivsuisse.ch\/index.php\/wp-json\/wp\/v2\/comments?post=89"}],"version-history":[{"count":107,"href":"https:\/\/www.archivsuisse.ch\/index.php\/wp-json\/wp\/v2\/pages\/89\/revisions"}],"predecessor-version":[{"id":4515,"href":"https:\/\/www.archivsuisse.ch\/index.php\/wp-json\/wp\/v2\/pages\/89\/revisions\/4515"}],"up":[{"embeddable":true,"href":"https:\/\/www.archivsuisse.ch\/index.php\/wp-json\/wp\/v2\/pages\/11"}],"wp:featuredmedia":[{"embeddable":true,"href":"https:\/\/www.archivsuisse.ch\/index.php\/wp-json\/wp\/v2\/media\/800"}],"wp:attachment":[{"href":"https:\/\/www.archivsuisse.ch\/index.php\/wp-json\/wp\/v2\/media?parent=89"}],"curies":[{"name":"wp","href":"https:\/\/api.w.org\/{rel}","templated":true}]}}