{"id":709,"date":"2016-06-24T11:37:51","date_gmt":"2016-06-24T09:37:51","guid":{"rendered":"http:\/\/www.archivbern.ch\/archivsuisse-wp\/?page_id=709"},"modified":"2018-09-17T12:10:10","modified_gmt":"2018-09-17T10:10:10","slug":"archivsuisse","status":"publish","type":"page","link":"https:\/\/www.archivsuisse.ch\/index.php\/archivsuisse\/","title":{"rendered":"archivsuisse"},"content":{"rendered":"<p><\/p>\n<h1>archivsuisse<\/h1>\n<p>archivsuisse ist lokal verankert (Bern, Z\u00fcrich) und bietet als national f\u00fchrender Anbieter schweizweit massgeschneiderte Archivdienstleistungen an: wir beraten, betreiben Archive und archivieren physische Akten und digitale Daten in der Schweiz. Archivsuisse wird von Archivfachleuten betrieben und ist inhabergef\u00fchrt.<\/p>\n<p>Zu den Kunden von archivsuisse z\u00e4hlen KMU und Grosskonzerne, Verb\u00e4nde, \u00f6ffentliche Institutionen, eidgen\u00f6ssische, kantonale und kommunale Verwaltungen, Arztpraxen, Anwaltskanzleien und Privatpersonen.<\/p>\n<p>Wir legen Wert auf hohe Sicherheitsstandards und Diskretion.<\/p>\n<p>Sicher, kompetent und pers\u00f6nlich eben, seit \u00fcber zehn Jahren.<\/p>","protected":false},"excerpt":{"rendered":"<p>archivsuisse archivsuisse ist lokal verankert (Bern, Z\u00fcrich) und bietet als national f\u00fchrender Anbieter schweizweit massgeschneiderte Archivdienstleistungen an: wir beraten, betreiben<\/p>\n","protected":false},"author":1,"featured_media":0,"parent":0,"menu_order":0,"comment_status":"closed","ping_status":"closed","template":"","meta":{"footnotes":""},"class_list":["post-709","page","type-page","status-publish","hentry"],"_links":{"self":[{"href":"https:\/\/www.archivsuisse.ch\/index.php\/wp-json\/wp\/v2\/pages\/709","targetHints":{"allow":["GET"]}}],"collection":[{"href":"https:\/\/www.archivsuisse.ch\/index.php\/wp-json\/wp\/v2\/pages"}],"about":[{"href":"https:\/\/www.archivsuisse.ch\/index.php\/wp-json\/wp\/v2\/types\/page"}],"author":[{"embeddable":true,"href":"https:\/\/www.archivsuisse.ch\/index.php\/wp-json\/wp\/v2\/users\/1"}],"replies":[{"embeddable":true,"href":"https:\/\/www.archivsuisse.ch\/index.php\/wp-json\/wp\/v2\/comments?post=709"}],"version-history":[{"count":15,"href":"https:\/\/www.archivsuisse.ch\/index.php\/wp-json\/wp\/v2\/pages\/709\/revisions"}],"predecessor-version":[{"id":1548,"href":"https:\/\/www.archivsuisse.ch\/index.php\/wp-json\/wp\/v2\/pages\/709\/revisions\/1548"}],"wp:attachment":[{"href":"https:\/\/www.archivsuisse.ch\/index.php\/wp-json\/wp\/v2\/media?parent=709"}],"curies":[{"name":"wp","href":"https:\/\/api.w.org\/{rel}","templated":true}]}}