{"id":460,"date":"2016-06-22T09:38:49","date_gmt":"2016-06-22T07:38:49","guid":{"rendered":"http:\/\/www.archivbern.ch\/archivsuisse-wp\/?page_id=460"},"modified":"2021-12-14T16:21:30","modified_gmt":"2021-12-14T15:21:30","slug":"pauschalloesung-fuer-vereine-und-kleine-betriebe","status":"publish","type":"page","link":"https:\/\/www.archivsuisse.ch\/index.php\/dienstleistungen\/branchenloesungen\/pauschalloesung-fuer-vereine-und-kleine-betriebe\/","title":{"rendered":"Pauschall\u00f6sung f\u00fcr Vereine und kleine Betriebe"},"content":{"rendered":"<p><\/p>\n<h1>Pauschall\u00f6sung f\u00fcr Vereine und kleine Betriebe<\/h1>\n<p>F\u00fcr \u00fcberschaubare Archivbest\u00e4nde von kleinen Betrieben, Selbst\u00e4ndigen und Vereinen bietet archivsuisse eine <a href=\"http:\/\/www.archivsuisse.ch\/index.php\/sicherheit\/\">sichere<\/a>, unkomplizierte und kosteng\u00fcnstige Pauschall\u00f6sung an. Sie packen Ihre Akten in Archivboxen von archivsuisse und erstellen Ihr eigenes Inventar; archivsuisse\u00a0bewahrt Ihre Dokumente in gesicherten R\u00e4umen f\u00fcr Sie auf. Das Pauschalpaket ist die optimale L\u00f6sung f\u00fcr kleine Best\u00e4nde bis zu 13 Laufmeter Akten - dies entspricht einer Gr\u00f6ssenordnung von bis zu 180 handels\u00fcblichen Ordnern. F\u00fcr umfangreichere Best\u00e4nde (mehr als 13 Laufmeter Akten) erstellen wir massgeschneiderte Offerten, die s\u00e4mtliche archivischen Leistungen umfassen (vgl. <a href=\"http:\/\/www.archivsuisse.ch\/index.php\/archivdienstleistungen\/akten-archivieren\/\">Akten archivieren<\/a>).<\/p>\n<h2>archivsuisse<\/h2>\n<ul>\n<li>liefert Archivboxen f\u00fcr maximal 13 Laufmeter Akten (Format A4).<\/li>\n<li>archiviert die Dokumente in sicheren Archivr\u00e4umen.<\/li>\n<li>erm\u00f6glicht einen Aktenzugang w\u00e4hrend der B\u00fcrozeiten.<\/li>\n<li>stellt diese Leistungen kosteng\u00fcnstig und planbar j\u00e4hrlich in Rechnung.<\/li>\n<\/ul>\n<p><\/p>","protected":false},"excerpt":{"rendered":"<p>Pauschall\u00f6sung f\u00fcr Vereine und kleine Betriebe F\u00fcr \u00fcberschaubare Archivbest\u00e4nde von kleinen Betrieben, Selbst\u00e4ndigen und Vereinen bietet archivsuisse eine sichere, unkomplizierte<\/p>\n","protected":false},"author":6,"featured_media":428,"parent":11,"menu_order":0,"comment_status":"closed","ping_status":"closed","template":"template-fullwidth.php","meta":{"footnotes":""},"class_list":["post-460","page","type-page","status-publish","has-post-thumbnail","hentry"],"_links":{"self":[{"href":"https:\/\/www.archivsuisse.ch\/index.php\/wp-json\/wp\/v2\/pages\/460","targetHints":{"allow":["GET"]}}],"collection":[{"href":"https:\/\/www.archivsuisse.ch\/index.php\/wp-json\/wp\/v2\/pages"}],"about":[{"href":"https:\/\/www.archivsuisse.ch\/index.php\/wp-json\/wp\/v2\/types\/page"}],"author":[{"embeddable":true,"href":"https:\/\/www.archivsuisse.ch\/index.php\/wp-json\/wp\/v2\/users\/6"}],"replies":[{"embeddable":true,"href":"https:\/\/www.archivsuisse.ch\/index.php\/wp-json\/wp\/v2\/comments?post=460"}],"version-history":[{"count":19,"href":"https:\/\/www.archivsuisse.ch\/index.php\/wp-json\/wp\/v2\/pages\/460\/revisions"}],"predecessor-version":[{"id":4482,"href":"https:\/\/www.archivsuisse.ch\/index.php\/wp-json\/wp\/v2\/pages\/460\/revisions\/4482"}],"up":[{"embeddable":true,"href":"https:\/\/www.archivsuisse.ch\/index.php\/wp-json\/wp\/v2\/pages\/11"}],"wp:featuredmedia":[{"embeddable":true,"href":"https:\/\/www.archivsuisse.ch\/index.php\/wp-json\/wp\/v2\/media\/428"}],"wp:attachment":[{"href":"https:\/\/www.archivsuisse.ch\/index.php\/wp-json\/wp\/v2\/media?parent=460"}],"curies":[{"name":"wp","href":"https:\/\/api.w.org\/{rel}","templated":true}]}}