{"id":2559,"date":"2021-12-14T13:03:20","date_gmt":"2021-12-14T12:03:20","guid":{"rendered":"https:\/\/www.archivsuisse.ch\/test\/archivsuisse-wp\/?page_id=2559"},"modified":"2022-03-21T17:33:44","modified_gmt":"2022-03-21T16:33:44","slug":"server-basierte-archivierung","status":"publish","type":"page","link":"https:\/\/www.archivsuisse.ch\/index.php\/dienstleistungen\/digital-archivieren\/server-basierte-archivierung\/","title":{"rendered":"Server-basierte Archivierung"},"content":{"rendered":"<p><\/p>\n<h1>Server-basierte Archivierung<\/h1>\n<p>Sie sind auf der Suche nach einer Aufbewahrungsl\u00f6sung f\u00fcr Ihre digitalen Daten?<br \/>\narchivsuisse bietet eine <a href=\"http:\/\/www.archivsuisse.ch\/index.php\/sicherheit\/\">sichere<\/a>, umfassende und kosteng\u00fcnstige L\u00f6sung f\u00fcr die elektronische revisionssichere Langzeitarchivierung digitaler Daten, unter Wahrung der Integrit\u00e4t und Authentizit\u00e4t.<\/p>\n<p><a href=\"https:\/\/www.archivsuisse.ch\/wp-content\/uploads\/2020\/01\/OAIS_Archivsuisse_rrv.jpg\"><img loading=\"lazy\" decoding=\"async\" class=\"alignnone wp-image-2174 size-full\" src=\"https:\/\/www.archivsuisse.ch\/archivsuisse-wp\/wp-content\/uploads\/2020\/01\/OAIS_Archivsuisse_rrv.jpg\" alt=\"\" width=\"1280\" height=\"720\" srcset=\"https:\/\/www.archivsuisse.ch\/archivsuisse-wp\/wp-content\/uploads\/2020\/01\/OAIS_Archivsuisse_rrv.jpg 1280w, https:\/\/www.archivsuisse.ch\/archivsuisse-wp\/wp-content\/uploads\/2020\/01\/OAIS_Archivsuisse_rrv-300x169.jpg 300w, https:\/\/www.archivsuisse.ch\/archivsuisse-wp\/wp-content\/uploads\/2020\/01\/OAIS_Archivsuisse_rrv-1140x641.jpg 1140w\" sizes=\"auto, (max-width: 1280px) 100vw, 1280px\" \/><\/a><\/p>\n<p>Dem <a href=\"http:\/\/www.iso.org\/iso\/catalogue_detail.htm?csnumber=57284\">ISO-Standard 14721 \u00abOpen Archival Information System\u00bb (OAIS)<\/a> entsprechend, gew\u00e4hrleistet unsere Archiv-Software die professionelle Betreuung Ihres digitalen Archivguts.<\/p>\n<h2>archivsuisse<\/h2>\n<p>\u2022 kann Ihnen behilflich sein zu bestimmen, welche Daten archiviert werden m\u00fcssen.<br \/>\n\u2022 \u00fcbernimmt die zu archivierenden Daten geordnet (sog. Ingest), strukturiert sie mithilfe spezifischer Software, konvertiert sie in archivf\u00e4hige Dateiformate und versieht sie mit Metadaten.<br \/>\n\u2022 speichert und sichert die Daten im eigenen digitalen Archiv (in Zusammenarbeit mit dem <a href=\"https:\/\/www.netrics.ch\/\" target=\"_blank\" rel=\"noopener\">IT-Partner Netrics<\/a>)<br \/>\n\u2022 erm\u00f6glicht Ihnen jederzeit, 24 Stunden am Tage und 365 Tage im Jahr den Zugriff auf Ihre Daten \u00fcber unser mehrstuftig gesichertes <a href=\"https:\/\/www.archivsuisse.ch\/kundenportal\">Kundenportal.<\/a><\/p>","protected":false},"excerpt":{"rendered":"<p>Server-basierte Archivierung Sie sind auf der Suche nach einer Aufbewahrungsl\u00f6sung f\u00fcr Ihre digitalen Daten? archivsuisse bietet eine sichere, umfassende und<\/p>\n","protected":false},"author":5,"featured_media":143,"parent":2473,"menu_order":0,"comment_status":"closed","ping_status":"closed","template":"template-fullwidth.php","meta":{"footnotes":""},"class_list":["post-2559","page","type-page","status-publish","has-post-thumbnail","hentry"],"_links":{"self":[{"href":"https:\/\/www.archivsuisse.ch\/index.php\/wp-json\/wp\/v2\/pages\/2559","targetHints":{"allow":["GET"]}}],"collection":[{"href":"https:\/\/www.archivsuisse.ch\/index.php\/wp-json\/wp\/v2\/pages"}],"about":[{"href":"https:\/\/www.archivsuisse.ch\/index.php\/wp-json\/wp\/v2\/types\/page"}],"author":[{"embeddable":true,"href":"https:\/\/www.archivsuisse.ch\/index.php\/wp-json\/wp\/v2\/users\/5"}],"replies":[{"embeddable":true,"href":"https:\/\/www.archivsuisse.ch\/index.php\/wp-json\/wp\/v2\/comments?post=2559"}],"version-history":[{"count":10,"href":"https:\/\/www.archivsuisse.ch\/index.php\/wp-json\/wp\/v2\/pages\/2559\/revisions"}],"predecessor-version":[{"id":3390,"href":"https:\/\/www.archivsuisse.ch\/index.php\/wp-json\/wp\/v2\/pages\/2559\/revisions\/3390"}],"up":[{"embeddable":true,"href":"https:\/\/www.archivsuisse.ch\/index.php\/wp-json\/wp\/v2\/pages\/2473"}],"wp:featuredmedia":[{"embeddable":true,"href":"https:\/\/www.archivsuisse.ch\/index.php\/wp-json\/wp\/v2\/media\/143"}],"wp:attachment":[{"href":"https:\/\/www.archivsuisse.ch\/index.php\/wp-json\/wp\/v2\/media?parent=2559"}],"curies":[{"name":"wp","href":"https:\/\/api.w.org\/{rel}","templated":true}]}}