{"id":2414,"date":"2021-07-07T10:19:56","date_gmt":"2021-07-07T08:19:56","guid":{"rendered":"https:\/\/www.archivsuisse.ch\/?page_id=2414"},"modified":"2022-01-06T15:43:41","modified_gmt":"2022-01-06T14:43:41","slug":"uebernahme-der-physischen-archive-der-genossenschaft-migros-aare-gmaa","status":"publish","type":"page","link":"https:\/\/www.archivsuisse.ch\/index.php\/erfolgsgeschichten\/uebernahme-der-physischen-archive-der-genossenschaft-migros-aare-gmaa\/","title":{"rendered":"\u00dcbernahme der physischen Archive der Genossenschaft Migros Aare (GMAA)"},"content":{"rendered":"<p><\/p>\n<h1><a href=\"https:\/\/www.archivsuisse.ch\/wp-content\/uploads\/2022\/01\/logo_migros-1.jpg\"><img loading=\"lazy\" decoding=\"async\" class=\"wp-image-2845 alignleft\" src=\"https:\/\/www.archivsuisse.ch\/wp-content\/uploads\/2022\/01\/logo_migros-1.jpg\" alt=\"\" width=\"302\" height=\"89\" srcset=\"https:\/\/www.archivsuisse.ch\/archivsuisse-wp\/wp-content\/uploads\/2022\/01\/logo_migros-1.jpg 1063w, https:\/\/www.archivsuisse.ch\/archivsuisse-wp\/wp-content\/uploads\/2022\/01\/logo_migros-1-300x88.jpg 300w\" sizes=\"auto, (max-width: 302px) 100vw, 302px\" \/><\/a><\/h1>\n<h1><strong>Projekt: Analyse der Archivsituation, \u00dcbernahme und Bewirtschaftung der physischen Archive<\/strong><\/h1>\n<ul>\n<li>Archivsuisse durfte die GMAA bei der Analyse ihrer physischen Gesamtarchivsituation begleiten<\/li>\n<li>Nach dem Entscheid der GMAA, ihre physischen Archive zu externalisieren, wurde archivsuisse mit der \u00dcbernahme s\u00e4mtlicher physischen Archivbestande beauftragt<\/li>\n<li>Seit Ende 2020 betreut und bewirtschaftet archivsuisse die physischen Archive der GMAA nach gemeinsam definierten Prozessen \u2013 von der Akten\u00fcbernahme, \u00fcber die Erschliessung und Aktenauslieferung\/-Digitalisierung bis hin zur gesicherten Vernichtung<\/li>\n<\/ul>\n<p>2018 durfte archivsuisse f\u00fcr die Genossenschaft Migros Aare (GMAA) eine Gesamtanalyse ihrer physischen Archivbest\u00e4nde durchf\u00fchren. 2019 wurde archivsuisse mit dem Projekt zur Externalisierung s\u00e4mtlicher physischen Archive der GMAA beauftragt. Schrittweise wurden \u00fcber 10 Bereichsarchive aufbereitet und zur Aufbewahrung und der weiteren Bewirtschaftung an archivsuisse \u00fcbergeben. Seit Ende 2020 befinden sich rund 2\u2019000 Laufmeter Akten bei archivsuisse in der Betreuung und aktiven Bewirtschaftung.<\/p>\n<p>Im Rahmen der Archiv-Externalisierung konnten die Archivbest\u00e4nde der GMAA bereinigt, erschlossen und wo erforderlich aus historischer Sicht bewertet werden. Nebst dem Platzgewinn profitiert die GMAA nun von den Vorz\u00fcgen eines von A bis Z professionell und aktiv bewirtschaften Archivs. Ihre eigenen Mitarbeitenden werden von diesen T\u00e4tigkeiten entlastet. Via Kundenportal von archivsuisse haben die zust\u00e4ndigen Mitarbeitenden seitens GMAA trotzdem den raschen Zugriff auf ihre Archivbest\u00e4nde. Dabei profitieren sie zugleich von der Gesamt\u00fcbersicht \u00fcber ihr Bereichsarchiv und der M\u00f6glichkeit, Aktenrecherchen und Bestellungen sicher und einfach auf dem digitalen Weg durchf\u00fchren zu k\u00f6nnen. Die M\u00f6glichkeit dezentral rasch und einfach auf s\u00e4mtliche Archivbest\u00e4nde zugreifen zu k\u00f6nnen, zeigt sich nicht zuletzt in Zeiten mit vermehrtem Einsatz von Home-Office als weiteren grossen Vorteil des bei archivsuisse integral betreuten Archivs. Ben\u00f6tigte physische Unterlagen k\u00f6nnen nach Bedarf innert Stunden digital bestellt werden. Erfahrenes Personal, etablierte Prozesse und sichere Instrumente und Kan\u00e4le erm\u00f6glichen eine effiziente Aktenrecherche und die zeitnahe \u00dcbermittlung der angeforderten Unterlagen auf dem physischen aber auch digitalen Weg.<\/p>\n<p>Wo physische Unterlagen k\u00fcnftig eine Weiterverwendung oder Weiterbearbeitung erfahren, werden Aktenbest\u00e4nde integral digitalisiert und den Zust\u00e4ndigen Personen seitens GMAA \u00fcber das Kundenportal in einer digitalen Archivablage zum permanenten Zugriff eingestellt. So k\u00f6nnen physische Archivbest\u00e4nde schrittweise, bewusst und bedarfsorientiert digitalisiert werden.<\/p>\n<p>Dank der aktiven Archivbewirtschaftung werden zudem nur die tats\u00e4chlich aufbewahrungspflichtigen Unterlagen im Archiv vorgehalten. Somit profitiert die GMAA nicht zuletzt auch von einem fortlaufenden quantitativen Management des physischen Archivbestands.<\/p>\n<p>Wir sind stolz darauf, Partner der gr\u00f6ssten Genossenschaft der Migros in archivischen Belangen zu sein.<\/p>\n<p><strong>Hier erfahren Sie mehr zu unserer Dienstleistungen: <strong><span style=\"color: #c00000;\"><a style=\"color: #c00000;\" href=\"https:\/\/www.archivsuisse.ch\/index.php\/unterlagen-akten-archivieren-archivsystem\/beraten-dokumente-archivieren\/\">Beraten<\/a><\/span><\/strong><br \/>\nund <strong><span style=\"color: #c00000;\"><a style=\"color: #c00000;\" href=\"https:\/\/www.archivsuisse.ch\/index.php\/unterlagen-akten-archivieren-archivsystem\/akten-archivieren\/\">Akten archivieren<\/a><\/span><\/strong><br \/>\n<\/strong><\/p>","protected":false},"excerpt":{"rendered":"<p>Projekt: Analyse der Archivsituation, \u00dcbernahme und Bewirtschaftung der physischen Archive Archivsuisse durfte die GMAA bei der Analyse ihrer physischen Gesamtarchivsituation<\/p>\n","protected":false},"author":5,"featured_media":804,"parent":15,"menu_order":0,"comment_status":"closed","ping_status":"closed","template":"","meta":{"footnotes":""},"class_list":["post-2414","page","type-page","status-publish","has-post-thumbnail","hentry"],"_links":{"self":[{"href":"https:\/\/www.archivsuisse.ch\/index.php\/wp-json\/wp\/v2\/pages\/2414","targetHints":{"allow":["GET"]}}],"collection":[{"href":"https:\/\/www.archivsuisse.ch\/index.php\/wp-json\/wp\/v2\/pages"}],"about":[{"href":"https:\/\/www.archivsuisse.ch\/index.php\/wp-json\/wp\/v2\/types\/page"}],"author":[{"embeddable":true,"href":"https:\/\/www.archivsuisse.ch\/index.php\/wp-json\/wp\/v2\/users\/5"}],"replies":[{"embeddable":true,"href":"https:\/\/www.archivsuisse.ch\/index.php\/wp-json\/wp\/v2\/comments?post=2414"}],"version-history":[{"count":20,"href":"https:\/\/www.archivsuisse.ch\/index.php\/wp-json\/wp\/v2\/pages\/2414\/revisions"}],"predecessor-version":[{"id":2849,"href":"https:\/\/www.archivsuisse.ch\/index.php\/wp-json\/wp\/v2\/pages\/2414\/revisions\/2849"}],"up":[{"embeddable":true,"href":"https:\/\/www.archivsuisse.ch\/index.php\/wp-json\/wp\/v2\/pages\/15"}],"wp:featuredmedia":[{"embeddable":true,"href":"https:\/\/www.archivsuisse.ch\/index.php\/wp-json\/wp\/v2\/media\/804"}],"wp:attachment":[{"href":"https:\/\/www.archivsuisse.ch\/index.php\/wp-json\/wp\/v2\/media?parent=2414"}],"curies":[{"name":"wp","href":"https:\/\/api.w.org\/{rel}","templated":true}]}}