{"id":1655,"date":"2019-03-06T13:24:14","date_gmt":"2019-03-06T12:24:14","guid":{"rendered":"https:\/\/www.archivsuisse.ch\/?page_id=1655"},"modified":"2025-08-31T21:44:32","modified_gmt":"2025-08-31T19:44:32","slug":"referenz-dr-bigger","status":"publish","type":"page","link":"https:\/\/www.archivsuisse.ch\/index.php\/erfolgsgeschichten\/referenz-dr-bigger\/","title":{"rendered":"Referenz: Dr. med. Bigger"},"content":{"rendered":"<p><\/p>\n<h1><strong>Projekt:\u00a0<\/strong><strong>Archivierung und <\/strong><strong>\u00abScanning on demand<\/strong><strong>\u00bb <\/strong><strong>von Krankengeschichten<\/strong><\/h1>\n<p>&nbsp;<\/p>\n<ul>\n<li>F\u00fcr viele <span style=\"color: #c00000;\"><strong>\u00c4rztinnen und \u00c4rzte<\/strong><\/span>\u00a0ist die Digitalisierung der Krankengeschichten (KG) eine Herausforderung.<\/li>\n<li>Nebst der Auswahl eines geeigneten Praxisinformationssystems braucht es eine saubere und effiziente L\u00f6sung f\u00fcr den Umgang mit den bestehenden physischen Krankengeschichten.<\/li>\n<li>Eine Digitalisierung auf \u00abVorrat\u00bb aller physischen Krankengeschichten macht in der Regel keinen Sinn.<\/li>\n<li><span style=\"color: #c00000;\"><strong>Dr. med. Kuno Bigger<\/strong><\/span> ist auf die elektronische F\u00fchrung von KG umgestiegen und hat f\u00fcr die Umstellung den Service \u00abScanning on demand\u00bb von archivsuisse genutzt.<\/li>\n<li>Die Branchenl\u00f6sung kg-archivsuisse betreibt archivsuisse in Zusammenarbeit mit <span style=\"color: #c00000;\"><strong>FMH Services<\/strong><\/span> und den <span style=\"color: #c00000;\"><strong>Kantons\u00e4rzten<\/strong><\/span>.<\/li>\n<\/ul>\n<p>Dr. med. Kuno Bigger, Facharzt f\u00fcr Urologie, hat im Jahr 2015 eine bestehende Praxis \u00fcbernommen, mitsamt dem Aktenbestand seines Vorg\u00e4ngers von rund 17'000 Krankengeschichten. Dieser Aktenberg hatte in den neuen Praxisr\u00e4umen schlicht keinen Platz mehr.<\/p>\n<p>Zudem wollte er auf die digitale Krankengeschichtenf\u00fchrung umstellen. Die Digitalisierung des kompletten Aktenbestandes war aus wirtschaftlichen Gr\u00fcnden nicht die richtige L\u00f6sung, denn erfahrungsgem\u00e4ss werden nur ein Teil der Patienten des Vorg\u00e4ngers Stammkunden. Ein beachtlicher Teil der physischen KG muss zwar noch aufbewahrt werden, wird jedoch nicht ben\u00f6tigt. Die vollst\u00e4ndige Digitalisierung der physischen KGs w\u00e4re darum unn\u00f6tig und teuer.<\/p>\n<p>Nach R\u00fccksprache mit archivsuisse entschied sich Dr. Bigger f\u00fcr die L\u00f6sung \u00abScanning on demand\u00bb. Diese kombiniert die physische Archivierung der KG w\u00e4hrend der Aufbewahrungsfrist mit der Digitalisierung auf Abruf. Wenn Einsicht in die physische KG erfoderlich ist - in der Regel wenn der Patient oder die Patientin einen Termin vereinbart - werden die bei archivsuisse eingelagerten KG gescannt.<\/p>\n<p>Mit der L\u00f6sung von archivsuisse hat Dr. Bigger das Aufbewahrungsproblem gel\u00f6st und ein bedarfsorientiertes Modell zur Digitalisierung von KG bei einem professionellen und zertifizierten Anbieter gefunden. Dadurch gewinnt er Platz in der Praxis, spart Zeit durch das Digitalisieren ausw\u00e4rts und letzten Endes Geld.<\/p>\n<p><strong>Hier erfahren Sie mehr zu unserer Branchenl\u00f6sung und unseren Dienstleistungen: <span style=\"color: #b41700;\"><a style=\"color: #b41700;\" href=\"https:\/\/www.archivsuisse.ch\/index.php\/branchenloesungen\/kg-archivsuisse\/\"><span style=\"color: #c00000;\">KG-archivsuisse: Krankengeschichten-Archiv<\/span>\u00a0<\/a><\/span>und\u00a0<\/strong><span style=\"color: #c00000;\"><a style=\"font-size: 0.95em; color: #c00000;\" href=\"https:\/\/www.archivsuisse.ch\/index.php\/unterlagen-akten-archivieren-archivsystem\/dokumente-scannen\/\"><strong>Dokumente scannen.<\/strong><\/a><\/span><\/p>","protected":false},"excerpt":{"rendered":"<p>Projekt:\u00a0Archivierung und \u00abScanning on demand\u00bb von Krankengeschichten &nbsp; F\u00fcr viele \u00c4rztinnen und \u00c4rzte\u00a0ist die Digitalisierung der Krankengeschichten (KG) eine Herausforderung.<\/p>\n","protected":false},"author":1,"featured_media":804,"parent":15,"menu_order":0,"comment_status":"closed","ping_status":"closed","template":"template-fullwidth.php","meta":{"footnotes":""},"class_list":["post-1655","page","type-page","status-publish","has-post-thumbnail","hentry"],"_links":{"self":[{"href":"https:\/\/www.archivsuisse.ch\/index.php\/wp-json\/wp\/v2\/pages\/1655","targetHints":{"allow":["GET"]}}],"collection":[{"href":"https:\/\/www.archivsuisse.ch\/index.php\/wp-json\/wp\/v2\/pages"}],"about":[{"href":"https:\/\/www.archivsuisse.ch\/index.php\/wp-json\/wp\/v2\/types\/page"}],"author":[{"embeddable":true,"href":"https:\/\/www.archivsuisse.ch\/index.php\/wp-json\/wp\/v2\/users\/1"}],"replies":[{"embeddable":true,"href":"https:\/\/www.archivsuisse.ch\/index.php\/wp-json\/wp\/v2\/comments?post=1655"}],"version-history":[{"count":52,"href":"https:\/\/www.archivsuisse.ch\/index.php\/wp-json\/wp\/v2\/pages\/1655\/revisions"}],"predecessor-version":[{"id":4543,"href":"https:\/\/www.archivsuisse.ch\/index.php\/wp-json\/wp\/v2\/pages\/1655\/revisions\/4543"}],"up":[{"embeddable":true,"href":"https:\/\/www.archivsuisse.ch\/index.php\/wp-json\/wp\/v2\/pages\/15"}],"wp:featuredmedia":[{"embeddable":true,"href":"https:\/\/www.archivsuisse.ch\/index.php\/wp-json\/wp\/v2\/media\/804"}],"wp:attachment":[{"href":"https:\/\/www.archivsuisse.ch\/index.php\/wp-json\/wp\/v2\/media?parent=1655"}],"curies":[{"name":"wp","href":"https:\/\/api.w.org\/{rel}","templated":true}]}}