{"id":1639,"date":"2019-03-06T11:30:40","date_gmt":"2019-03-06T10:30:40","guid":{"rendered":"https:\/\/www.archivsuisse.ch\/?page_id=1639"},"modified":"2025-06-24T14:55:25","modified_gmt":"2025-06-24T12:55:25","slug":"referenz-swissgrid","status":"publish","type":"page","link":"https:\/\/www.archivsuisse.ch\/index.php\/erfolgsgeschichten\/referenz-swissgrid\/","title":{"rendered":"Referenz: Swissgrid"},"content":{"rendered":"<p><\/p>\n<h1><strong>Projekt:\u00a0<\/strong><strong>Erschliessung und Digitalisierung von Vertr\u00e4gen<\/strong><\/h1>\n<p>&nbsp;<\/p>\n<ul>\n<li>Die <span style=\"color: #c00000;\"><strong>Swissgrid AG<\/strong><\/span> ist f\u00fcr den Betrieb, die Sicherheit und den Ausbau des schweizerischen H\u00f6chstspannungsnetzes verantwortlich. Die nationale Netzgesellschaft hat am 3. Januar 2013 das Eigentum am \u00dcbertragungsnetz (380\/220 kV) \u00fcbernommen.<\/li>\n<li>Swissgrid verwaltet s\u00e4mtliche Dienstbarkeitsvertr\u00e4ge, die im Zuge der Erstellung des \u00dcbertragungsnetzes abgeschlossen worden sind. Neue kommen hinzu.<\/li>\n<li>Diese Vertr\u00e4ge hat Swissgrid von den ehemaligen \u00dcbertragungsnetzbetreibern \u00fcbernommen. Im Sinne eines modernen Dienstbarkeitsmanagements mussten die Inhalte erschlossen und digitalisiert werden.<\/li>\n<li>Swissgrid hat archivsuisse damit beauftragt, diese ersten Schritte zum Aufbau eines Dienstbarkeitsmanagements durchzuf\u00fchren.<\/li>\n<\/ul>\n<p>Die ehemaligen \u00dcbertragungsnetzbetreiber haben in den vergangenen Jahrzehnten in der ganzen Schweiz rund 55\u2018000 Dienstbarkeitsvertr\u00e4ge abgeschlossen. Diese mussten an einem Standort vereint werden. Archivsuisse organisierte die daf\u00fcr notwendige Logistik und f\u00fchrte schweizweit die Transporte durch.<\/p>\n<p>In enger Zusammenarbeit mit Swissgrid erarbeitete archivsuisse die Rahmenbedingungen f\u00fcr die Erschliessung und Digitalisierung der Dienstbarkeitsvertr\u00e4ge. Konkret wurden die Vertragsinformationen und die formalen Strukturen festgelegt, die ein effektives Dienstbarkeitsmanagement erm\u00f6glichen. Pro Vertrag wurden 32 Metadaten definiert, darunter auch Informationen zu Vertragsinhalten und \u2013modalit\u00e4ten.<\/p>\n<p>Archivsuisse erschloss mehr als 1\u2018760\u2018000 Metadaten und digitalisierte rund 275\u2018000 Vertragsseiten. Swissgrid hat jetzt \u00fcber ein massgeschneidertes Kundenportal Zugriff auf die Inhalte aller Dienstbarkeitsvertr\u00e4ge.<\/p>\n<p><strong>Hier erfahren Sie mehr zu unserer Dienstleistungen:<\/strong> \u00a0<strong><span style=\"color: #c00000;\"><a style=\"color: #c00000;\" href=\"https:\/\/www.archivsuisse.ch\/index.php\/unterlagen-akten-archivieren-archivsystem\/dokumente-scannen\/\">Dokumente scannen<\/a><\/span><\/strong><\/p>\n<p>[wpdm_package id='810']<\/p>","protected":false},"excerpt":{"rendered":"<p>Projekt:\u00a0Erschliessung und Digitalisierung von Vertr\u00e4gen &nbsp; Die Swissgrid AG ist f\u00fcr den Betrieb, die Sicherheit und den Ausbau des schweizerischen<\/p>\n","protected":false},"author":1,"featured_media":804,"parent":15,"menu_order":0,"comment_status":"closed","ping_status":"closed","template":"template-fullwidth.php","meta":{"footnotes":""},"class_list":["post-1639","page","type-page","status-publish","has-post-thumbnail","hentry"],"_links":{"self":[{"href":"https:\/\/www.archivsuisse.ch\/index.php\/wp-json\/wp\/v2\/pages\/1639","targetHints":{"allow":["GET"]}}],"collection":[{"href":"https:\/\/www.archivsuisse.ch\/index.php\/wp-json\/wp\/v2\/pages"}],"about":[{"href":"https:\/\/www.archivsuisse.ch\/index.php\/wp-json\/wp\/v2\/types\/page"}],"author":[{"embeddable":true,"href":"https:\/\/www.archivsuisse.ch\/index.php\/wp-json\/wp\/v2\/users\/1"}],"replies":[{"embeddable":true,"href":"https:\/\/www.archivsuisse.ch\/index.php\/wp-json\/wp\/v2\/comments?post=1639"}],"version-history":[{"count":31,"href":"https:\/\/www.archivsuisse.ch\/index.php\/wp-json\/wp\/v2\/pages\/1639\/revisions"}],"predecessor-version":[{"id":4511,"href":"https:\/\/www.archivsuisse.ch\/index.php\/wp-json\/wp\/v2\/pages\/1639\/revisions\/4511"}],"up":[{"embeddable":true,"href":"https:\/\/www.archivsuisse.ch\/index.php\/wp-json\/wp\/v2\/pages\/15"}],"wp:featuredmedia":[{"embeddable":true,"href":"https:\/\/www.archivsuisse.ch\/index.php\/wp-json\/wp\/v2\/media\/804"}],"wp:attachment":[{"href":"https:\/\/www.archivsuisse.ch\/index.php\/wp-json\/wp\/v2\/media?parent=1639"}],"curies":[{"name":"wp","href":"https:\/\/api.w.org\/{rel}","templated":true}]}}