{"id":1601,"date":"2018-11-19T17:02:03","date_gmt":"2018-11-19T16:02:03","guid":{"rendered":"https:\/\/www.archivsuisse.ch\/?page_id=1601"},"modified":"2022-03-01T12:40:13","modified_gmt":"2022-03-01T11:40:13","slug":"unternehmensverantwortung","status":"publish","type":"page","link":"https:\/\/www.archivsuisse.ch\/index.php\/ueber-uns\/unternehmensverantwortung\/","title":{"rendered":"Unternehmensverantwortung"},"content":{"rendered":"<p><\/p>\n<h1><strong>Unternehmensverantwortung<\/strong><\/h1>\n<p>archivsuisse will mit umfassenden Archivdienstleistungen gr\u00f6sstm\u00f6gliche Informationssicherheit f\u00fcr die Kunden gew\u00e4hrleisten und sich im Bereich der Informationssicherheit st\u00e4ndig weiter verbessern.<\/p>\n<p><strong>Unsere Grunds\u00e4tze<\/strong><\/p>\n<ul>\n<li><em>Wir garantieren unseren Kunden, dass ihre Daten und Akten bei uns sicher, vertraulich und integer verwahrt sind und verf\u00fcgbar bleiben.<\/em><\/li>\n<li><em>Wir sensibilisieren unsere Mitarbeitenden und Partner regelm\u00e4ssig f\u00fcr das Thema der Informationssicherheit.<\/em><\/li>\n<li><em>Wir lernen und geben unser Wissen intern weiter und pflegen eine positive Fehlerkultur.<\/em><\/li>\n<\/ul>\n<p>Wo immer unsere Gesch\u00e4ftst\u00e4tigkeiten Auswirkungen auf unsere Gesch\u00e4ftspartner, die Gesellschaft, die Umwelt oder die Mitarbeiterinnen und Mitarbeiter haben, \u00fcbernehmen wir Verantwortung.<\/p>\n<p>Wir sind dem Standort Schweiz verpflichtet und arbeiten mit langj\u00e4hrigen, gepr\u00fcften Partnern vor Ort zusammen. Wir legen grossen Wert darauf, dass unsere Dienstleistungen und Produkte auf Services und Materialien basieren, die von lokalen oder regionalen Partnern stammen.<\/p>\n<p>Wir gehen sorgsam und respektvoll mit der Umwelt um und achten darauf, dass die von uns verwendeten Technologien dem neuesten Wissensstand entsprechen und passen sie bedarfsgerecht an. So achten wir auch auf unseren Energiebedarf und sind bestrebt, diesen laufend zu senken.<\/p>","protected":false},"excerpt":{"rendered":"<p>Unternehmensverantwortung archivsuisse will mit umfassenden Archivdienstleistungen gr\u00f6sstm\u00f6gliche Informationssicherheit f\u00fcr die Kunden gew\u00e4hrleisten und sich im Bereich der Informationssicherheit st\u00e4ndig weiter<\/p>\n","protected":false},"author":1,"featured_media":522,"parent":17,"menu_order":0,"comment_status":"closed","ping_status":"closed","template":"template-fullwidth.php","meta":{"footnotes":""},"class_list":["post-1601","page","type-page","status-publish","has-post-thumbnail","hentry"],"_links":{"self":[{"href":"https:\/\/www.archivsuisse.ch\/index.php\/wp-json\/wp\/v2\/pages\/1601","targetHints":{"allow":["GET"]}}],"collection":[{"href":"https:\/\/www.archivsuisse.ch\/index.php\/wp-json\/wp\/v2\/pages"}],"about":[{"href":"https:\/\/www.archivsuisse.ch\/index.php\/wp-json\/wp\/v2\/types\/page"}],"author":[{"embeddable":true,"href":"https:\/\/www.archivsuisse.ch\/index.php\/wp-json\/wp\/v2\/users\/1"}],"replies":[{"embeddable":true,"href":"https:\/\/www.archivsuisse.ch\/index.php\/wp-json\/wp\/v2\/comments?post=1601"}],"version-history":[{"count":7,"href":"https:\/\/www.archivsuisse.ch\/index.php\/wp-json\/wp\/v2\/pages\/1601\/revisions"}],"predecessor-version":[{"id":3187,"href":"https:\/\/www.archivsuisse.ch\/index.php\/wp-json\/wp\/v2\/pages\/1601\/revisions\/3187"}],"up":[{"embeddable":true,"href":"https:\/\/www.archivsuisse.ch\/index.php\/wp-json\/wp\/v2\/pages\/17"}],"wp:featuredmedia":[{"embeddable":true,"href":"https:\/\/www.archivsuisse.ch\/index.php\/wp-json\/wp\/v2\/media\/522"}],"wp:attachment":[{"href":"https:\/\/www.archivsuisse.ch\/index.php\/wp-json\/wp\/v2\/media?parent=1601"}],"curies":[{"name":"wp","href":"https:\/\/api.w.org\/{rel}","templated":true}]}}